{"id":3761,"date":"2025-11-12T19:10:54","date_gmt":"2025-11-13T00:10:54","guid":{"rendered":"https:\/\/cwpca.worryfreeweb.ca\/opportunities-classifieds\/classifieds\/"},"modified":"2026-03-11T15:28:56","modified_gmt":"2026-03-11T19:28:56","slug":"classifieds","status":"publish","type":"page","link":"https:\/\/www.canadianpallets.com\/fr\/opportunites-et-petites-annonces\/classifieds\/","title":{"rendered":"Classifieds"},"content":{"rendered":"\t\t<div data-elementor-type=\"wp-page\" data-elementor-id=\"3761\" class=\"elementor elementor-3761 elementor-1843\" data-elementor-post-type=\"page\">\n\t\t\t\t<div class=\"elementor-element elementor-element-3562d2fd e-flex e-con-boxed e-con e-parent\" data-id=\"3562d2fd\" data-element_type=\"container\" data-e-type=\"container\">\n\t\t\t\t\t<div class=\"e-con-inner\">\n\t\t\t\t<div class=\"elementor-element elementor-element-633a2f7a h2 elementor-widget elementor-widget-heading\" data-id=\"633a2f7a\" data-element_type=\"widget\" data-e-type=\"widget\" data-widget_type=\"heading.default\">\n\t\t\t\t<div class=\"elementor-widget-container\">\n\t\t\t\t\t<h1 class=\"elementor-heading-title elementor-size-default\">Annonces class\u00e9es<\/h1>\t\t\t\t<\/div>\n\t\t\t\t<\/div>\n\t\t\t\t<div class=\"elementor-element elementor-element-443d26f elementor-widget elementor-widget-text-editor\" data-id=\"443d26f\" data-element_type=\"widget\" data-e-type=\"widget\" data-widget_type=\"text-editor.default\">\n\t\t\t\t<div class=\"elementor-widget-container\">\n\t\t\t\t\t\t\t\t\t<p>L&rsquo;ACPCB propose \u00e0 ses membres des annonces class\u00e9es gratuites. Pour publier des articles \u00e0 vendre, recherch\u00e9s ou des offres d\u2019emploi dans votre entreprise, veuillez contacter Nancy St-Denis \u00e0 <a href=\"mailto:nancy.stdenis@canadianpallets.com?subject=Classifieds%20%2F%20Annonces%20class%C3%A9es\">nancy.stdenis@canadianpallets.com<\/a>.<\/p><p>Les annonces resteront affich\u00e9es sur le site Web pendant un mois, sauf si une autre dur\u00e9e est demand\u00e9e.<\/p>\t\t\t\t\t\t\t\t<\/div>\n\t\t\t\t<\/div>\n\t\t\t\t\t<\/div>\n\t\t\t\t<\/div>\n\t\t<div class=\"elementor-element elementor-element-cbd6fb1 e-flex e-con-boxed e-con e-parent\" data-id=\"cbd6fb1\" data-element_type=\"container\" data-e-type=\"container\">\n\t\t\t\t\t<div class=\"e-con-inner\">\n\t\t<div class=\"elementor-element elementor-element-cdd0119 e-con-full e-flex e-con e-child\" data-id=\"cdd0119\" data-element_type=\"container\" data-e-type=\"container\">\n\t\t\t\t<div class=\"elementor-element elementor-element-410c760 elementor-widget elementor-widget-image\" data-id=\"410c760\" data-element_type=\"widget\" data-e-type=\"widget\" data-widget_type=\"image.default\">\n\t\t\t\t<div class=\"elementor-widget-container\">\n\t\t\t\t\t\t\t\t\t\t\t\t\t\t\t<img fetchpriority=\"high\" decoding=\"async\" width=\"640\" height=\"480\" src=\"https:\/\/www.canadianpallets.com\/wp-content\/uploads\/2026\/03\/shur-way-fastenersclassified-image.jpg\" class=\"attachment-large size-large wp-image-5812\" alt=\"shur way fastenersclassified image\" srcset=\"https:\/\/www.canadianpallets.com\/wp-content\/uploads\/2026\/03\/shur-way-fastenersclassified-image.jpg 640w, https:\/\/www.canadianpallets.com\/wp-content\/uploads\/2026\/03\/shur-way-fastenersclassified-image-300x225.jpg 300w\" sizes=\"(max-width: 640px) 100vw, 640px\" \/>\t\t\t\t\t\t\t\t\t\t\t\t\t\t\t<\/div>\n\t\t\t\t<\/div>\n\t\t\t\t<\/div>\n\t\t<div class=\"elementor-element elementor-element-3b401bc e-con-full e-flex e-con e-child\" data-id=\"3b401bc\" data-element_type=\"container\" data-e-type=\"container\">\n\t\t\t\t<div class=\"elementor-element elementor-element-8f3db46 elementor-widget elementor-widget-text-editor\" data-id=\"8f3db46\" data-element_type=\"widget\" data-e-type=\"widget\" data-widget_type=\"text-editor.default\">\n\t\t\t\t<div class=\"elementor-widget-container\">\n\t\t\t\t\t\t\t\t\t<p>\u00a0<\/p><p>\u00a0<\/p><p><strong>\u00c0 vendre \u2013 Viking Turbo 505<\/strong><\/p><ul><li>Capacit\u00e9 de fabrication de 72 po<\/li><li>Machine \u00e0 sortie gauche\/droite<\/li><li>Capacit\u00e9 de 4 longerons<\/li><li>Logiciel mis \u00e0 jour en 2017<\/li><\/ul><p>\u00a0<\/p><p>Machine en bonne condition, pr\u00e9sentement en op\u00e9ration (utilis\u00e9e quotidiennement).<\/p><p><strong>Contact :<br \/><\/strong>Jeremy Bloemberg<br \/>Pr\u00e9sident, Shur-way Group<br \/>Cell. : 519-498-4663<\/p>\t\t\t\t\t\t\t\t<\/div>\n\t\t\t\t<\/div>\n\t\t\t\t<\/div>\n\t\t\t\t\t<\/div>\n\t\t\t\t<\/div>\n\t\t\t\t<\/div>\n\t\t","protected":false},"excerpt":{"rendered":"<p>Annonces class\u00e9es L&rsquo;ACPCB propose \u00e0 ses membres des annonces class\u00e9es gratuites. Pour publier des articles \u00e0 vendre, recherch\u00e9s ou des offres d\u2019emploi dans votre entreprise, veuillez contacter Nancy St-Denis \u00e0 nancy.stdenis@canadianpallets.com. Les annonces resteront affich\u00e9es sur le site Web pendant un mois, sauf si une autre dur\u00e9e est demand\u00e9e. \u00a0 \u00a0 \u00c0 vendre \u2013 Viking [&hellip;]<\/p>\n","protected":false},"author":1,"featured_media":0,"parent":3757,"menu_order":2,"comment_status":"closed","ping_status":"closed","template":"","meta":{"_acf_changed":false,"_seopress_robots_primary_cat":"","_seopress_titles_title":"","_seopress_titles_desc":"","_seopress_robots_index":"","pmpro_default_level":"","footnotes":""},"class_list":["post-3761","page","type-page","status-publish","hentry","pmpro-has-access"],"acf":[],"_links":{"self":[{"href":"https:\/\/www.canadianpallets.com\/fr\/wp-json\/wp\/v2\/pages\/3761","targetHints":{"allow":["GET"]}}],"collection":[{"href":"https:\/\/www.canadianpallets.com\/fr\/wp-json\/wp\/v2\/pages"}],"about":[{"href":"https:\/\/www.canadianpallets.com\/fr\/wp-json\/wp\/v2\/types\/page"}],"author":[{"embeddable":true,"href":"https:\/\/www.canadianpallets.com\/fr\/wp-json\/wp\/v2\/users\/1"}],"replies":[{"embeddable":true,"href":"https:\/\/www.canadianpallets.com\/fr\/wp-json\/wp\/v2\/comments?post=3761"}],"version-history":[{"count":19,"href":"https:\/\/www.canadianpallets.com\/fr\/wp-json\/wp\/v2\/pages\/3761\/revisions"}],"predecessor-version":[{"id":5838,"href":"https:\/\/www.canadianpallets.com\/fr\/wp-json\/wp\/v2\/pages\/3761\/revisions\/5838"}],"up":[{"embeddable":true,"href":"https:\/\/www.canadianpallets.com\/fr\/wp-json\/wp\/v2\/pages\/3757"}],"wp:attachment":[{"href":"https:\/\/www.canadianpallets.com\/fr\/wp-json\/wp\/v2\/media?parent=3761"}],"curies":[{"name":"wp","href":"https:\/\/api.w.org\/{rel}","templated":true}]}}