{"id":3737,"date":"2025-11-12T19:08:32","date_gmt":"2025-11-13T00:08:32","guid":{"rendered":"https:\/\/cwpca.worryfreeweb.ca\/wpm-industry\/about-crates\/"},"modified":"2026-01-01T13:22:31","modified_gmt":"2026-01-01T18:22:31","slug":"a-propos-des-caisses","status":"publish","type":"page","link":"https:\/\/www.canadianpallets.com\/fr\/industrie-des-meb\/a-propos-des-caisses\/","title":{"rendered":"\u00c0 propos des caisses"},"content":{"rendered":"\t\t<div data-elementor-type=\"wp-page\" data-elementor-id=\"3737\" class=\"elementor elementor-3737 elementor-1813\" data-elementor-post-type=\"page\">\n\t\t\t\t<div class=\"elementor-element elementor-element-693872d9 e-flex e-con-boxed e-con e-parent\" data-id=\"693872d9\" data-element_type=\"container\" data-e-type=\"container\">\n\t\t\t\t\t<div class=\"e-con-inner\">\n\t\t\t\t<div class=\"elementor-element elementor-element-770bc1eb h2 elementor-widget elementor-widget-heading\" data-id=\"770bc1eb\" data-element_type=\"widget\" data-e-type=\"widget\" data-widget_type=\"heading.default\">\n\t\t\t\t<div class=\"elementor-widget-container\">\n\t\t\t\t\t<h1 class=\"elementor-heading-title elementor-size-default\">\u00c0 propos des\ncaisses<\/h1>\t\t\t\t<\/div>\n\t\t\t\t<\/div>\n\t\t\t\t<div class=\"elementor-element elementor-element-315c40ec elementor-widget elementor-widget-heading\" data-id=\"315c40ec\" data-element_type=\"widget\" data-e-type=\"widget\" data-widget_type=\"heading.default\">\n\t\t\t\t<div class=\"elementor-widget-container\">\n\t\t\t\t\t<span class=\"elementor-heading-title elementor-size-default\">\u00c0 propos des\nLes caisses en bois constituent une des mani\u00e8res les plus s\u00fbres de transporter des marchandises. Leur construction solide prot\u00e8ge les biens qui se trouvent \u00e0 l\u2019int\u00e9rieur et leur format les rend facilement transportables par les chariots \u00e9l\u00e9vateurs \u00e0 fourche et les transpalettes \u00e0 main. Les caisses en bois sont durables, r\u00e9utilisables et repr\u00e9sentent une fa\u00e7on respectueuse de environnement pour emballer et exp\u00e9dier des marchandises. <\/span>\t\t\t\t<\/div>\n\t\t\t\t<\/div>\n\t\t\t\t\t<\/div>\n\t\t\t\t<\/div>\n\t\t<div class=\"elementor-element elementor-element-3909b2f e-flex e-con-boxed e-con e-parent\" data-id=\"3909b2f\" data-element_type=\"container\" data-e-type=\"container\">\n\t\t\t\t\t<div class=\"e-con-inner\">\n\t\t<div class=\"elementor-element elementor-element-af9fa5f e-con-full e-flex e-con e-child\" data-id=\"af9fa5f\" data-element_type=\"container\" data-e-type=\"container\" data-settings=\"{&quot;background_background&quot;:&quot;classic&quot;}\">\n\t\t<div class=\"elementor-element elementor-element-32b2574 e-con-full e-flex e-con e-child\" data-id=\"32b2574\" data-element_type=\"container\" data-e-type=\"container\" data-settings=\"{&quot;background_background&quot;:&quot;classic&quot;}\">\n\t\t\t\t<div class=\"elementor-element elementor-element-c61f380 elementor-widget elementor-widget-heading\" data-id=\"c61f380\" data-element_type=\"widget\" data-e-type=\"widget\" data-widget_type=\"heading.default\">\n\t\t\t\t<div class=\"elementor-widget-container\">\n\t\t\t\t\t<h3 class=\"elementor-heading-title elementor-size-default\">\u00c0 tenir en compte <\/h3>\t\t\t\t<\/div>\n\t\t\t\t<\/div>\n\t\t\t\t<div class=\"elementor-element elementor-element-364d47a elementor-widget elementor-widget-text-editor\" data-id=\"364d47a\" data-element_type=\"widget\" data-e-type=\"widget\" data-widget_type=\"text-editor.default\">\n\t\t\t\t<div class=\"elementor-widget-container\">\n\t\t\t\t\t\t\t\t\t<ul><li>Probablement le plus durable de tous les mat\u00e9riaux d&#8217;emballage, les caisses en bois prot\u00e8gent vos envois et garantissent qu\u2019ils arriveront \u00e0 destination en bon \u00e9tat.<\/li><li>Facile \u00e0 manipuler. Gr\u00e2ce \u00e0 leur conception robuste et leurs caract\u00e9ristiques qui permettent aux chariots \u00e9l\u00e9vateurs \u00e0 fourche et aux transpalettes de les d\u00e9placer sans probl\u00e8me, elles peuvent \u00eatre transf\u00e9r\u00e9es des camions ou des bateaux jusqu&rsquo;\u00e0 leur destination m\u00eame si elles sont lourdes ou particuli\u00e8rement grandes.<\/li><li>Les caisses peuvent \u00eatre adapt\u00e9es pour cr\u00e9er des espaces variables \u00e0 l\u2019int\u00e9rieur pour des besoins sp\u00e9ciaux.<\/li><li>Une caisse en bois standard mesure 4 pieds de large par 8 pieds de long et 4 pieds de haut. Toutes les dimensions n\u00e9cessaires sont disponibles pour accueillir des objets de grande taille.<\/li><li>Un grand nombre d&rsquo;entreprises de camionnage, de lignes a\u00e9riennes et d&rsquo;exp\u00e9diteurs internationaux pr\u00e9f\u00e8rent les caisses en bois parce qu&rsquo;elles sont faciles \u00e0 d\u00e9placer avec leur \u00e9quipement et pr\u00e9viennent les d\u00e9g\u00e2ts aux articles exp\u00e9di\u00e9s.<\/li><\/ul>\t\t\t\t\t\t\t\t<\/div>\n\t\t\t\t<\/div>\n\t\t\t\t<\/div>\n\t\t\t\t<\/div>\n\t\t\t\t\t<\/div>\n\t\t\t\t<\/div>\n\t\t<div class=\"elementor-element elementor-element-fb47510 e-flex e-con-boxed e-con e-parent\" data-id=\"fb47510\" data-element_type=\"container\" data-e-type=\"container\">\n\t\t\t\t\t<div class=\"e-con-inner\">\n\t\t<div class=\"elementor-element elementor-element-7fa1249f e-con-full e-flex e-con e-child\" data-id=\"7fa1249f\" data-element_type=\"container\" data-e-type=\"container\">\n\t\t\t\t<div class=\"elementor-element elementor-element-6242be2 elementor-widget elementor-widget-heading\" data-id=\"6242be2\" data-element_type=\"widget\" data-e-type=\"widget\" data-widget_type=\"heading.default\">\n\t\t\t\t<div class=\"elementor-widget-container\">\n\t\t\t\t\t<h3 class=\"elementor-heading-title elementor-size-default\">Caract\u00e9ristiques d\u2019une caisse bien fabriqu\u00e9e <\/h3>\t\t\t\t<\/div>\n\t\t\t\t<\/div>\n\t\t\t\t<div class=\"elementor-element elementor-element-25af3c3b elementor-widget elementor-widget-text-editor\" data-id=\"25af3c3b\" data-element_type=\"widget\" data-e-type=\"widget\" data-widget_type=\"text-editor.default\">\n\t\t\t\t<div class=\"elementor-widget-container\">\n\t\t\t\t\t\t\t\t\t<ul><li>Fermetures \u00e0 vis ou \u00e0 verrou qui garantissent une bonne fixation de vos envois.<\/li><li>Patins plac\u00e9s correctement. Ils \u00e9vitent que votre marchandise entre en contact direct avec le sol et puisse s\u2019endommager, et aident \u00e0 une bonne manipulation par des machines telles que chariots \u00e9l\u00e9vateurs \u00e0 fourche ou transpalettes. Ceci devient essentiel lorsqu&rsquo;il s&rsquo;agit de marchandises tr\u00e8s lourdes.<\/li><li>Poign\u00e9es bien plac\u00e9es. Si les poign\u00e9es font partie de la construction, il faut s&rsquo;assurer qu&rsquo;elles sont bien plac\u00e9es afin de faciliter la manipulation.<\/li><li>Aspect. Une caisse bien construite aura un bon aspect qui, m\u00eame s\u2019il ne la rend pas belle, lui donnera un air d\u00e9cent.<\/li><li>Fixations encastr\u00e9es. Si vous avez des poign\u00e9es ou des charni\u00e8res, vous ne voudrez pas qu\u2019elles se cassent a mi-chemin.<\/li><li>Marquage appropri\u00e9. Assurez-vous de placer des fl\u00e8ches de sens et des avertissements appropri\u00e9s sur votre caisse avant de l\u2019exp\u00e9dier. Ne marquez jamais vos marchandises comme \u00ab\u202fobjets de valeur\u202f\u00bb ou comme \u00ab\u202fpi\u00e8ces d&rsquo;art\u202f\u00bb. Utilisez le mot \u00ab\u202ffragile\u202f\u00bb.<\/li><\/ul>\t\t\t\t\t\t\t\t<\/div>\n\t\t\t\t<\/div>\n\t\t\t\t<div class=\"elementor-element elementor-element-e445e8d elementor-widget elementor-widget-text-editor\" data-id=\"e445e8d\" data-element_type=\"widget\" data-e-type=\"widget\" data-widget_type=\"text-editor.default\">\n\t\t\t\t<div class=\"elementor-widget-container\">\n\t\t\t\t\t\t\t\t\t<p>Par gentillesse de\u202f<a href=\"https:\/\/www.herwood.ca\/\" target=\"_blank\" rel=\"noopener\">Herwood\u202fInc.<\/a><\/p>\t\t\t\t\t\t\t\t<\/div>\n\t\t\t\t<\/div>\n\t\t\t\t<\/div>\n\t\t\t\t\t<\/div>\n\t\t\t\t<\/div>\n\t\t\t\t<\/div>\n\t\t","protected":false},"excerpt":{"rendered":"<p>\u00c0 propos des caisses \u00c0 propos des Les caisses en bois constituent une des mani\u00e8res les plus s\u00fbres de transporter des marchandises. Leur construction solide prot\u00e8ge les biens qui se trouvent \u00e0 l\u2019int\u00e9rieur et leur format les rend facilement transportables par les chariots \u00e9l\u00e9vateurs \u00e0 fourche et les transpalettes \u00e0 main. Les caisses en bois [&hellip;]<\/p>\n","protected":false},"author":1,"featured_media":0,"parent":3733,"menu_order":3,"comment_status":"closed","ping_status":"closed","template":"","meta":{"_acf_changed":false,"_seopress_robots_primary_cat":"","_seopress_titles_title":"","_seopress_titles_desc":"","_seopress_robots_index":"","pmpro_default_level":"","footnotes":""},"class_list":["post-3737","page","type-page","status-publish","hentry","pmpro-has-access"],"acf":[],"_links":{"self":[{"href":"https:\/\/www.canadianpallets.com\/fr\/wp-json\/wp\/v2\/pages\/3737","targetHints":{"allow":["GET"]}}],"collection":[{"href":"https:\/\/www.canadianpallets.com\/fr\/wp-json\/wp\/v2\/pages"}],"about":[{"href":"https:\/\/www.canadianpallets.com\/fr\/wp-json\/wp\/v2\/types\/page"}],"author":[{"embeddable":true,"href":"https:\/\/www.canadianpallets.com\/fr\/wp-json\/wp\/v2\/users\/1"}],"replies":[{"embeddable":true,"href":"https:\/\/www.canadianpallets.com\/fr\/wp-json\/wp\/v2\/comments?post=3737"}],"version-history":[{"count":4,"href":"https:\/\/www.canadianpallets.com\/fr\/wp-json\/wp\/v2\/pages\/3737\/revisions"}],"predecessor-version":[{"id":3876,"href":"https:\/\/www.canadianpallets.com\/fr\/wp-json\/wp\/v2\/pages\/3737\/revisions\/3876"}],"up":[{"embeddable":true,"href":"https:\/\/www.canadianpallets.com\/fr\/wp-json\/wp\/v2\/pages\/3733"}],"wp:attachment":[{"href":"https:\/\/www.canadianpallets.com\/fr\/wp-json\/wp\/v2\/media?parent=3737"}],"curies":[{"name":"wp","href":"https:\/\/api.w.org\/{rel}","templated":true}]}}