{"id":3732,"date":"2025-11-12T19:08:01","date_gmt":"2025-11-13T00:08:01","guid":{"rendered":"https:\/\/cwpca.worryfreeweb.ca\/issues-initiative\/health-safety\/"},"modified":"2026-01-01T13:20:20","modified_gmt":"2026-01-01T18:20:20","slug":"sante-et-securite","status":"publish","type":"page","link":"https:\/\/www.canadianpallets.com\/fr\/question-et-initiatives\/sante-et-securite\/","title":{"rendered":"Sant\u00e9 et S\u00e9curit\u00e9"},"content":{"rendered":"\t\t<div data-elementor-type=\"wp-page\" data-elementor-id=\"3732\" class=\"elementor elementor-3732 elementor-1807\" data-elementor-post-type=\"page\">\n\t\t\t\t<div class=\"elementor-element elementor-element-cdcf9b1 e-flex e-con-boxed e-con e-parent\" data-id=\"cdcf9b1\" data-element_type=\"container\" data-e-type=\"container\">\n\t\t\t\t\t<div class=\"e-con-inner\">\n\t\t\t\t<div class=\"elementor-element elementor-element-4047ac7 h2 elementor-widget elementor-widget-heading\" data-id=\"4047ac7\" data-element_type=\"widget\" data-e-type=\"widget\" data-widget_type=\"heading.default\">\n\t\t\t\t<div class=\"elementor-widget-container\">\n\t\t\t\t\t<h1 class=\"elementor-heading-title elementor-size-default\">Sant\u00e9 et\nS\u00e9curit\u00e9<\/h1>\t\t\t\t<\/div>\n\t\t\t\t<\/div>\n\t\t\t\t<div class=\"elementor-element elementor-element-00aeea9 elementor-widget elementor-widget-text-editor\" data-id=\"00aeea9\" data-element_type=\"widget\" data-e-type=\"widget\" data-widget_type=\"text-editor.default\">\n\t\t\t\t<div class=\"elementor-widget-container\">\n\t\t\t\t\t\t\t\t\t<p>Gr\u00e2ce aux\u00a0<strong>avantages de l\u2019adh\u00e9sion<\/strong>, nos membres ont acc\u00e8s \u00e0 des pr\u00e9sentations de formation, des dossiers, des documents sur les pratiques de travail s\u00e9curitaires et des webinaires afin d\u2019appuyer leurs programmes de sant\u00e9 et de s\u00e9curit\u00e9.<\/p><p>Notre objectif g\u00e9n\u00e9ral est d&rsquo;\u00e9tablir un programme solide de gestion de la s\u00e9curit\u00e9 pour tous les membres du Canada afin de r\u00e9duire les accidents de travail et de fournir une base pour aider nos membres \u00e0 d\u00e9passer les normes r\u00e9glementaires locales en mati\u00e8re de sant\u00e9 et de s\u00e9curit\u00e9 au travail.<\/p>\t\t\t\t\t\t\t\t<\/div>\n\t\t\t\t<\/div>\n\t\t\t\t\t<\/div>\n\t\t\t\t<\/div>\n\t\t<div class=\"elementor-element elementor-element-4213418b e-flex e-con-boxed e-con e-parent\" data-id=\"4213418b\" data-element_type=\"container\" data-e-type=\"container\">\n\t\t\t\t\t<div class=\"e-con-inner\">\n\t\t<div class=\"elementor-element elementor-element-72408a63 e-con-full e-flex e-con e-child\" data-id=\"72408a63\" data-element_type=\"container\" data-e-type=\"container\">\n\t\t\t\t<div class=\"elementor-element elementor-element-693ab330 elementor-widget elementor-widget-text-editor\" data-id=\"693ab330\" data-element_type=\"widget\" data-e-type=\"widget\" data-widget_type=\"text-editor.default\">\n\t\t\t\t<div class=\"elementor-widget-container\">\n\t\t\t\t\t\t\t\t\t<p>Guid\u00e9e par ses membres et ax\u00e9e sur l&rsquo;avenir, l&rsquo;Association surveille constamment les modifications apport\u00e9es aux lois et r\u00e8glements en mati\u00e8re de s\u00e9curit\u00e9 au travail en informant nos membres des impacts potentiels pour leur entreprise. Par exemple, nous avons r\u00e9cemment offert un webinaire sur la modernisation du groupe de taux WSIB.<\/p><p>Les modules suivants sont disponibles pour les membres actifs de l\u2019ACPCB\u00a0:<\/p>\t\t\t\t\t\t\t\t<\/div>\n\t\t\t\t<\/div>\n\t\t<div class=\"elementor-element elementor-element-3097e96a e-con-full e-flex e-con e-child\" data-id=\"3097e96a\" data-element_type=\"container\" data-e-type=\"container\">\n\t\t\t\t<div class=\"elementor-element elementor-element-6ce83e08 elementor-position-inline-start elementor-view-default elementor-mobile-position-block-start elementor-invisible elementor-widget elementor-widget-icon-box\" data-id=\"6ce83e08\" data-element_type=\"widget\" data-e-type=\"widget\" data-settings=\"{&quot;_animation&quot;:&quot;fadeIn&quot;,&quot;_animation_delay&quot;:500}\" data-widget_type=\"icon-box.default\">\n\t\t\t\t<div class=\"elementor-widget-container\">\n\t\t\t\t\t\t\t<div class=\"elementor-icon-box-wrapper\">\n\n\t\t\t\t\t\t<div class=\"elementor-icon-box-icon\">\n\t\t\t\t<span  class=\"elementor-icon\">\n\t\t\t\t<svg xmlns=\"http:\/\/www.w3.org\/2000\/svg\" width=\"30\" height=\"30\" viewBox=\"0 0 30 30\" fill=\"none\"><circle cx=\"15\" cy=\"15\" r=\"14.5\" stroke=\"#084608\"><\/circle><path d=\"M21.3438 9.13184C21.5195 8.95605 21.8008 8.95605 21.9414 9.13184L22.9609 10.1162C23.1016 10.292 23.1016 10.5732 22.9609 10.7139L12.4141 21.2607C12.2383 21.4365 11.9922 21.4365 11.8164 21.2607L7.10547 16.585C6.96484 16.4092 6.96484 16.1279 7.10547 15.9873L8.125 14.9678C8.26562 14.8271 8.54688 14.8271 8.72266 14.9678L12.0977 18.3779L21.3438 9.13184Z\" fill=\"#084608\"><\/path><\/svg>\t\t\t\t<\/span>\n\t\t\t<\/div>\n\t\t\t\n\t\t\t\t\t\t<div class=\"elementor-icon-box-content\">\n\n\t\t\t\t\t\t\t\t\t<span class=\"elementor-icon-box-title\">\n\t\t\t\t\t\t<span  >\n\t\t\t\t\t\t\tFonctionnement des camions \u00e9l\u00e9vateurs et s\u00e9curit\u00e9 des pi\u00e9tons;\t\t\t\t\t\t<\/span>\n\t\t\t\t\t<\/span>\n\t\t\t\t\n\t\t\t\t\n\t\t\t<\/div>\n\t\t\t\n\t\t<\/div>\n\t\t\t\t\t\t<\/div>\n\t\t\t\t<\/div>\n\t\t\t\t<div class=\"elementor-element elementor-element-35e6d6f elementor-position-inline-start elementor-view-default elementor-mobile-position-block-start elementor-invisible elementor-widget elementor-widget-icon-box\" data-id=\"35e6d6f\" data-element_type=\"widget\" data-e-type=\"widget\" data-settings=\"{&quot;_animation&quot;:&quot;fadeIn&quot;,&quot;_animation_delay&quot;:500}\" data-widget_type=\"icon-box.default\">\n\t\t\t\t<div class=\"elementor-widget-container\">\n\t\t\t\t\t\t\t<div class=\"elementor-icon-box-wrapper\">\n\n\t\t\t\t\t\t<div class=\"elementor-icon-box-icon\">\n\t\t\t\t<span  class=\"elementor-icon\">\n\t\t\t\t<svg xmlns=\"http:\/\/www.w3.org\/2000\/svg\" width=\"30\" height=\"30\" viewBox=\"0 0 30 30\" fill=\"none\"><circle cx=\"15\" cy=\"15\" r=\"14.5\" stroke=\"#084608\"><\/circle><path d=\"M21.3438 9.13184C21.5195 8.95605 21.8008 8.95605 21.9414 9.13184L22.9609 10.1162C23.1016 10.292 23.1016 10.5732 22.9609 10.7139L12.4141 21.2607C12.2383 21.4365 11.9922 21.4365 11.8164 21.2607L7.10547 16.585C6.96484 16.4092 6.96484 16.1279 7.10547 15.9873L8.125 14.9678C8.26562 14.8271 8.54688 14.8271 8.72266 14.9678L12.0977 18.3779L21.3438 9.13184Z\" fill=\"#084608\"><\/path><\/svg>\t\t\t\t<\/span>\n\t\t\t<\/div>\n\t\t\t\n\t\t\t\t\t\t<div class=\"elementor-icon-box-content\">\n\n\t\t\t\t\t\t\t\t\t<span class=\"elementor-icon-box-title\">\n\t\t\t\t\t\t<span  >\n\t\t\t\t\t\t\t\u00c9valuations ergonomiques;\t\t\t\t\t\t<\/span>\n\t\t\t\t\t<\/span>\n\t\t\t\t\n\t\t\t\t\n\t\t\t<\/div>\n\t\t\t\n\t\t<\/div>\n\t\t\t\t\t\t<\/div>\n\t\t\t\t<\/div>\n\t\t\t\t<div class=\"elementor-element elementor-element-029d37f elementor-position-inline-start elementor-view-default elementor-mobile-position-block-start elementor-invisible elementor-widget elementor-widget-icon-box\" data-id=\"029d37f\" data-element_type=\"widget\" data-e-type=\"widget\" data-settings=\"{&quot;_animation&quot;:&quot;fadeIn&quot;,&quot;_animation_delay&quot;:500}\" data-widget_type=\"icon-box.default\">\n\t\t\t\t<div class=\"elementor-widget-container\">\n\t\t\t\t\t\t\t<div class=\"elementor-icon-box-wrapper\">\n\n\t\t\t\t\t\t<div class=\"elementor-icon-box-icon\">\n\t\t\t\t<span  class=\"elementor-icon\">\n\t\t\t\t<svg xmlns=\"http:\/\/www.w3.org\/2000\/svg\" width=\"30\" height=\"30\" viewBox=\"0 0 30 30\" fill=\"none\"><circle cx=\"15\" cy=\"15\" r=\"14.5\" stroke=\"#084608\"><\/circle><path d=\"M21.3438 9.13184C21.5195 8.95605 21.8008 8.95605 21.9414 9.13184L22.9609 10.1162C23.1016 10.292 23.1016 10.5732 22.9609 10.7139L12.4141 21.2607C12.2383 21.4365 11.9922 21.4365 11.8164 21.2607L7.10547 16.585C6.96484 16.4092 6.96484 16.1279 7.10547 15.9873L8.125 14.9678C8.26562 14.8271 8.54688 14.8271 8.72266 14.9678L12.0977 18.3779L21.3438 9.13184Z\" fill=\"#084608\"><\/path><\/svg>\t\t\t\t<\/span>\n\t\t\t<\/div>\n\t\t\t\n\t\t\t\t\t\t<div class=\"elementor-icon-box-content\">\n\n\t\t\t\t\t\t\t\t\t<span class=\"elementor-icon-box-title\">\n\t\t\t\t\t\t<span  >\n\t\t\t\t\t\t\tS\u00e9curit\u00e9 du quai;\t\t\t\t\t\t<\/span>\n\t\t\t\t\t<\/span>\n\t\t\t\t\n\t\t\t\t\n\t\t\t<\/div>\n\t\t\t\n\t\t<\/div>\n\t\t\t\t\t\t<\/div>\n\t\t\t\t<\/div>\n\t\t\t\t<div class=\"elementor-element elementor-element-f6db5de elementor-position-inline-start elementor-view-default elementor-mobile-position-block-start elementor-invisible elementor-widget elementor-widget-icon-box\" data-id=\"f6db5de\" data-element_type=\"widget\" data-e-type=\"widget\" data-settings=\"{&quot;_animation&quot;:&quot;fadeIn&quot;,&quot;_animation_delay&quot;:500}\" data-widget_type=\"icon-box.default\">\n\t\t\t\t<div class=\"elementor-widget-container\">\n\t\t\t\t\t\t\t<div class=\"elementor-icon-box-wrapper\">\n\n\t\t\t\t\t\t<div class=\"elementor-icon-box-icon\">\n\t\t\t\t<span  class=\"elementor-icon\">\n\t\t\t\t<svg xmlns=\"http:\/\/www.w3.org\/2000\/svg\" width=\"30\" height=\"30\" viewBox=\"0 0 30 30\" fill=\"none\"><circle cx=\"15\" cy=\"15\" r=\"14.5\" stroke=\"#084608\"><\/circle><path d=\"M21.3438 9.13184C21.5195 8.95605 21.8008 8.95605 21.9414 9.13184L22.9609 10.1162C23.1016 10.292 23.1016 10.5732 22.9609 10.7139L12.4141 21.2607C12.2383 21.4365 11.9922 21.4365 11.8164 21.2607L7.10547 16.585C6.96484 16.4092 6.96484 16.1279 7.10547 15.9873L8.125 14.9678C8.26562 14.8271 8.54688 14.8271 8.72266 14.9678L12.0977 18.3779L21.3438 9.13184Z\" fill=\"#084608\"><\/path><\/svg>\t\t\t\t<\/span>\n\t\t\t<\/div>\n\t\t\t\n\t\t\t\t\t\t<div class=\"elementor-icon-box-content\">\n\n\t\t\t\t\t\t\t\t\t<span class=\"elementor-icon-box-title\">\n\t\t\t\t\t\t<span  >\n\t\t\t\t\t\t\tProtection des machines;\t\t\t\t\t\t<\/span>\n\t\t\t\t\t<\/span>\n\t\t\t\t\n\t\t\t\t\n\t\t\t<\/div>\n\t\t\t\n\t\t<\/div>\n\t\t\t\t\t\t<\/div>\n\t\t\t\t<\/div>\n\t\t\t\t<div class=\"elementor-element elementor-element-2e18df2 elementor-position-inline-start elementor-view-default elementor-mobile-position-block-start elementor-invisible elementor-widget elementor-widget-icon-box\" data-id=\"2e18df2\" data-element_type=\"widget\" data-e-type=\"widget\" data-settings=\"{&quot;_animation&quot;:&quot;fadeIn&quot;,&quot;_animation_delay&quot;:500}\" data-widget_type=\"icon-box.default\">\n\t\t\t\t<div class=\"elementor-widget-container\">\n\t\t\t\t\t\t\t<div class=\"elementor-icon-box-wrapper\">\n\n\t\t\t\t\t\t<div class=\"elementor-icon-box-icon\">\n\t\t\t\t<span  class=\"elementor-icon\">\n\t\t\t\t<svg xmlns=\"http:\/\/www.w3.org\/2000\/svg\" width=\"30\" height=\"30\" viewBox=\"0 0 30 30\" fill=\"none\"><circle cx=\"15\" cy=\"15\" r=\"14.5\" stroke=\"#084608\"><\/circle><path d=\"M21.3438 9.13184C21.5195 8.95605 21.8008 8.95605 21.9414 9.13184L22.9609 10.1162C23.1016 10.292 23.1016 10.5732 22.9609 10.7139L12.4141 21.2607C12.2383 21.4365 11.9922 21.4365 11.8164 21.2607L7.10547 16.585C6.96484 16.4092 6.96484 16.1279 7.10547 15.9873L8.125 14.9678C8.26562 14.8271 8.54688 14.8271 8.72266 14.9678L12.0977 18.3779L21.3438 9.13184Z\" fill=\"#084608\"><\/path><\/svg>\t\t\t\t<\/span>\n\t\t\t<\/div>\n\t\t\t\n\t\t\t\t\t\t<div class=\"elementor-icon-box-content\">\n\n\t\t\t\t\t\t\t\t\t<span class=\"elementor-icon-box-title\">\n\t\t\t\t\t\t<span  >\n\t\t\t\t\t\t\tProgramme Lock Out Tag Out (LOTO);\t\t\t\t\t\t<\/span>\n\t\t\t\t\t<\/span>\n\t\t\t\t\n\t\t\t\t\n\t\t\t<\/div>\n\t\t\t\n\t\t<\/div>\n\t\t\t\t\t\t<\/div>\n\t\t\t\t<\/div>\n\t\t\t\t<div class=\"elementor-element elementor-element-06499af elementor-position-inline-start elementor-widget-mobile__width-initial elementor-view-default elementor-mobile-position-block-start elementor-invisible elementor-widget elementor-widget-icon-box\" data-id=\"06499af\" data-element_type=\"widget\" data-e-type=\"widget\" data-settings=\"{&quot;_animation&quot;:&quot;fadeIn&quot;,&quot;_animation_delay&quot;:500}\" data-widget_type=\"icon-box.default\">\n\t\t\t\t<div class=\"elementor-widget-container\">\n\t\t\t\t\t\t\t<div class=\"elementor-icon-box-wrapper\">\n\n\t\t\t\t\t\t<div class=\"elementor-icon-box-icon\">\n\t\t\t\t<span  class=\"elementor-icon\">\n\t\t\t\t<svg xmlns=\"http:\/\/www.w3.org\/2000\/svg\" width=\"30\" height=\"30\" viewBox=\"0 0 30 30\" fill=\"none\"><circle cx=\"15\" cy=\"15\" r=\"14.5\" stroke=\"#084608\"><\/circle><path d=\"M21.3438 9.13184C21.5195 8.95605 21.8008 8.95605 21.9414 9.13184L22.9609 10.1162C23.1016 10.292 23.1016 10.5732 22.9609 10.7139L12.4141 21.2607C12.2383 21.4365 11.9922 21.4365 11.8164 21.2607L7.10547 16.585C6.96484 16.4092 6.96484 16.1279 7.10547 15.9873L8.125 14.9678C8.26562 14.8271 8.54688 14.8271 8.72266 14.9678L12.0977 18.3779L21.3438 9.13184Z\" fill=\"#084608\"><\/path><\/svg>\t\t\t\t<\/span>\n\t\t\t<\/div>\n\t\t\t\n\t\t\t\t\t\t<div class=\"elementor-icon-box-content\">\n\n\t\t\t\t\t\t\t\t\t<span class=\"elementor-icon-box-title\">\n\t\t\t\t\t\t<span  >\n\t\t\t\t\t\t\tErgonomie;\t\t\t\t\t\t<\/span>\n\t\t\t\t\t<\/span>\n\t\t\t\t\n\t\t\t\t\n\t\t\t<\/div>\n\t\t\t\n\t\t<\/div>\n\t\t\t\t\t\t<\/div>\n\t\t\t\t<\/div>\n\t\t\t\t<div class=\"elementor-element elementor-element-39277a3 elementor-position-inline-start elementor-view-default elementor-mobile-position-block-start elementor-invisible elementor-widget elementor-widget-icon-box\" data-id=\"39277a3\" data-element_type=\"widget\" data-e-type=\"widget\" data-settings=\"{&quot;_animation&quot;:&quot;fadeIn&quot;,&quot;_animation_delay&quot;:500}\" data-widget_type=\"icon-box.default\">\n\t\t\t\t<div class=\"elementor-widget-container\">\n\t\t\t\t\t\t\t<div class=\"elementor-icon-box-wrapper\">\n\n\t\t\t\t\t\t<div class=\"elementor-icon-box-icon\">\n\t\t\t\t<span  class=\"elementor-icon\">\n\t\t\t\t<svg xmlns=\"http:\/\/www.w3.org\/2000\/svg\" width=\"30\" height=\"30\" viewBox=\"0 0 30 30\" fill=\"none\"><circle cx=\"15\" cy=\"15\" r=\"14.5\" stroke=\"#084608\"><\/circle><path d=\"M21.3438 9.13184C21.5195 8.95605 21.8008 8.95605 21.9414 9.13184L22.9609 10.1162C23.1016 10.292 23.1016 10.5732 22.9609 10.7139L12.4141 21.2607C12.2383 21.4365 11.9922 21.4365 11.8164 21.2607L7.10547 16.585C6.96484 16.4092 6.96484 16.1279 7.10547 15.9873L8.125 14.9678C8.26562 14.8271 8.54688 14.8271 8.72266 14.9678L12.0977 18.3779L21.3438 9.13184Z\" fill=\"#084608\"><\/path><\/svg>\t\t\t\t<\/span>\n\t\t\t<\/div>\n\t\t\t\n\t\t\t\t\t\t<div class=\"elementor-icon-box-content\">\n\n\t\t\t\t\t\t\t\t\t<span class=\"elementor-icon-box-title\">\n\t\t\t\t\t\t<span  >\n\t\t\t\t\t\t\tS\u00e9curit\u00e9 de l\u2019utilisation d\u2019un marteau \u00e0 air comprim\u00e9.\t\t\t\t\t\t<\/span>\n\t\t\t\t\t<\/span>\n\t\t\t\t\n\t\t\t\t\n\t\t\t<\/div>\n\t\t\t\n\t\t<\/div>\n\t\t\t\t\t\t<\/div>\n\t\t\t\t<\/div>\n\t\t\t\t<\/div>\n\t\t<div class=\"elementor-element elementor-element-95be532 e-con-full e-flex e-con e-child\" data-id=\"95be532\" data-element_type=\"container\" data-e-type=\"container\">\n\t\t\t\t<div class=\"elementor-element elementor-element-b179122 elementor-widget__width-initial elementor-invisible elementor-widget elementor-widget-button\" data-id=\"b179122\" data-element_type=\"widget\" data-e-type=\"widget\" data-settings=\"{&quot;_animation&quot;:&quot;fadeInLeft&quot;}\" data-widget_type=\"button.default\">\n\t\t\t\t<div class=\"elementor-widget-container\">\n\t\t\t\t\t\t\t\t\t<div class=\"elementor-button-wrapper\">\n\t\t\t\t\t<a class=\"elementor-button elementor-button-link elementor-size-sm\" href=\"#\">\n\t\t\t\t\t\t<span class=\"elementor-button-content-wrapper\">\n\t\t\t\t\t\t\t\t\t<span class=\"elementor-button-text\">Ressources sur la sant\u00e9 et s\u00e9curit\u00e9 pour les membres<\/span>\n\t\t\t\t\t<\/span>\n\t\t\t\t\t<\/a>\n\t\t\t\t<\/div>\n\t\t\t\t\t\t\t\t<\/div>\n\t\t\t\t<\/div>\n\t\t\t\t<div class=\"elementor-element elementor-element-50f7e967 elementor-invisible elementor-widget elementor-widget-button\" data-id=\"50f7e967\" data-element_type=\"widget\" data-e-type=\"widget\" data-settings=\"{&quot;_animation&quot;:&quot;fadeInLeft&quot;}\" data-widget_type=\"button.default\">\n\t\t\t\t<div class=\"elementor-widget-container\">\n\t\t\t\t\t\t\t\t\t<div class=\"elementor-button-wrapper\">\n\t\t\t\t\t<a class=\"elementor-button elementor-button-link elementor-size-sm\" href=\"#\">\n\t\t\t\t\t\t<span class=\"elementor-button-content-wrapper\">\n\t\t\t\t\t\t\t\t\t<span class=\"elementor-button-text\">En apprendre plus sur les avantages offerts aux membres<\/span>\n\t\t\t\t\t<\/span>\n\t\t\t\t\t<\/a>\n\t\t\t\t<\/div>\n\t\t\t\t\t\t\t\t<\/div>\n\t\t\t\t<\/div>\n\t\t\t\t<\/div>\n\t\t\t\t<\/div>\n\t\t<div class=\"elementor-element elementor-element-5bd6cfdc e-con-full e-flex e-con e-child\" data-id=\"5bd6cfdc\" data-element_type=\"container\" data-e-type=\"container\" data-settings=\"{&quot;background_background&quot;:&quot;classic&quot;}\">\n\t\t\t\t<div class=\"elementor-element elementor-element-7cf708fb elementor-widget elementor-widget-image\" data-id=\"7cf708fb\" data-element_type=\"widget\" data-e-type=\"widget\" data-widget_type=\"image.default\">\n\t\t\t\t<div class=\"elementor-widget-container\">\n\t\t\t\t\t\t\t\t\t\t\t\t\t\t\t<img fetchpriority=\"high\" decoding=\"async\" width=\"1536\" height=\"1024\" src=\"https:\/\/www.canadianpallets.com\/wp-content\/uploads\/2025\/12\/warehouse-worker-sitting-on-the-floor-in-front-of-2025-01-07-06-59-23-utc-1536x1024.jpg\" class=\"attachment-1536x1536 size-1536x1536 wp-image-3729\" alt=\"warehouse worker sitting on the floor in front of 2025 01 07 06 59 23 utc\" srcset=\"https:\/\/www.canadianpallets.com\/wp-content\/uploads\/2025\/12\/warehouse-worker-sitting-on-the-floor-in-front-of-2025-01-07-06-59-23-utc-1536x1024.jpg 1536w, https:\/\/www.canadianpallets.com\/wp-content\/uploads\/2025\/12\/warehouse-worker-sitting-on-the-floor-in-front-of-2025-01-07-06-59-23-utc-300x200.jpg 300w, https:\/\/www.canadianpallets.com\/wp-content\/uploads\/2025\/12\/warehouse-worker-sitting-on-the-floor-in-front-of-2025-01-07-06-59-23-utc-1024x683.jpg 1024w, https:\/\/www.canadianpallets.com\/wp-content\/uploads\/2025\/12\/warehouse-worker-sitting-on-the-floor-in-front-of-2025-01-07-06-59-23-utc-768x512.jpg 768w, https:\/\/www.canadianpallets.com\/wp-content\/uploads\/2025\/12\/warehouse-worker-sitting-on-the-floor-in-front-of-2025-01-07-06-59-23-utc-2048x1366.jpg 2048w\" sizes=\"(max-width: 1536px) 100vw, 1536px\" \/>\t\t\t\t\t\t\t\t\t\t\t\t\t\t\t<\/div>\n\t\t\t\t<\/div>\n\t\t\t\t<\/div>\n\t\t\t\t\t<\/div>\n\t\t\t\t<\/div>\n\t\t\t\t<\/div>\n\t\t","protected":false},"excerpt":{"rendered":"<p>Sant\u00e9 et S\u00e9curit\u00e9 Gr\u00e2ce aux\u00a0avantages de l\u2019adh\u00e9sion, nos membres ont acc\u00e8s \u00e0 des pr\u00e9sentations de formation, des dossiers, des documents sur les pratiques de travail s\u00e9curitaires et des webinaires afin d\u2019appuyer leurs programmes de sant\u00e9 et de s\u00e9curit\u00e9. Notre objectif g\u00e9n\u00e9ral est d&rsquo;\u00e9tablir un programme solide de gestion de la s\u00e9curit\u00e9 pour tous les membres [&hellip;]<\/p>\n","protected":false},"author":1,"featured_media":0,"parent":3727,"menu_order":2,"comment_status":"closed","ping_status":"closed","template":"","meta":{"_acf_changed":false,"_seopress_robots_primary_cat":"","_seopress_titles_title":"","_seopress_titles_desc":"","_seopress_robots_index":"","pmpro_default_level":"","footnotes":""},"class_list":["post-3732","page","type-page","status-publish","hentry","pmpro-has-access"],"acf":[],"_links":{"self":[{"href":"https:\/\/www.canadianpallets.com\/fr\/wp-json\/wp\/v2\/pages\/3732","targetHints":{"allow":["GET"]}}],"collection":[{"href":"https:\/\/www.canadianpallets.com\/fr\/wp-json\/wp\/v2\/pages"}],"about":[{"href":"https:\/\/www.canadianpallets.com\/fr\/wp-json\/wp\/v2\/types\/page"}],"author":[{"embeddable":true,"href":"https:\/\/www.canadianpallets.com\/fr\/wp-json\/wp\/v2\/users\/1"}],"replies":[{"embeddable":true,"href":"https:\/\/www.canadianpallets.com\/fr\/wp-json\/wp\/v2\/comments?post=3732"}],"version-history":[{"count":4,"href":"https:\/\/www.canadianpallets.com\/fr\/wp-json\/wp\/v2\/pages\/3732\/revisions"}],"predecessor-version":[{"id":3868,"href":"https:\/\/www.canadianpallets.com\/fr\/wp-json\/wp\/v2\/pages\/3732\/revisions\/3868"}],"up":[{"embeddable":true,"href":"https:\/\/www.canadianpallets.com\/fr\/wp-json\/wp\/v2\/pages\/3727"}],"wp:attachment":[{"href":"https:\/\/www.canadianpallets.com\/fr\/wp-json\/wp\/v2\/media?parent=3732"}],"curies":[{"name":"wp","href":"https:\/\/api.w.org\/{rel}","templated":true}]}}