{"id":3723,"date":"2025-10-16T14:06:04","date_gmt":"2025-10-16T18:06:04","guid":{"rendered":"https:\/\/cwpca.worryfreeweb.ca\/pallet-design-system\/"},"modified":"2026-02-04T17:01:20","modified_gmt":"2026-02-04T22:01:20","slug":"pallet-design-system","status":"publish","type":"page","link":"https:\/\/www.canadianpallets.com\/fr\/pallet-design-system\/","title":{"rendered":"Pallet Design System\u2122"},"content":{"rendered":"\t\t<div data-elementor-type=\"wp-page\" data-elementor-id=\"3723\" class=\"elementor elementor-3723 elementor-788\" data-elementor-post-type=\"page\">\n\t\t\t\t<div class=\"elementor-element elementor-element-63cfad7 e-flex e-con-boxed e-con e-parent\" data-id=\"63cfad7\" data-element_type=\"container\" data-e-type=\"container\">\n\t\t\t\t\t<div class=\"e-con-inner\">\n\t\t\t\t<div class=\"elementor-element elementor-element-97144f2 h2 elementor-widget elementor-widget-heading\" data-id=\"97144f2\" data-element_type=\"widget\" data-e-type=\"widget\" data-widget_type=\"heading.default\">\n\t\t\t\t<div class=\"elementor-widget-container\">\n\t\t\t\t\t<h1 class=\"elementor-heading-title elementor-size-default\">Pallet Design System\u2122\n<\/h1>\t\t\t\t<\/div>\n\t\t\t\t<\/div>\n\t\t\t\t<div class=\"elementor-element elementor-element-c4d1b25 elementor-widget elementor-widget-heading\" data-id=\"c4d1b25\" data-element_type=\"widget\" data-e-type=\"widget\" data-widget_type=\"heading.default\">\n\t\t\t\t<div class=\"elementor-widget-container\">\n\t\t\t\t\t<span class=\"elementor-heading-title elementor-size-default\">L'Association canadienne de palettes et contenants en bois (ACPCB) a sign\u00e9 un partenariat exclusif avec la National Wood Pallet and Container Association (NWPCA) pour commercialiser Pallet Design System\u2122 (PDS) au Canada. Ce partenariat permet aux membres de l'ACPCB d'acc\u00e9der au logiciel PDS au Canada avec l'avantage suppl\u00e9mentaire de prix pr\u00e9f\u00e9rentiels en plus de l'adh\u00e9sion \u00e0 la NWPCA. <\/span>\t\t\t\t<\/div>\n\t\t\t\t<\/div>\n\t\t\t\t\t<\/div>\n\t\t\t\t<\/div>\n\t\t<div class=\"elementor-element elementor-element-407c715 e-flex e-con-boxed e-con e-parent\" data-id=\"407c715\" data-element_type=\"container\" data-e-type=\"container\">\n\t\t\t\t\t<div class=\"e-con-inner\">\n\t\t<div class=\"elementor-element elementor-element-6fb978d8 e-con-full e-flex e-con e-child\" data-id=\"6fb978d8\" data-element_type=\"container\" data-e-type=\"container\">\n\t\t<div class=\"elementor-element elementor-element-5a9b2a9a e-con-full e-flex e-con e-child\" data-id=\"5a9b2a9a\" data-element_type=\"container\" data-e-type=\"container\">\n\t\t\t\t<div class=\"elementor-element elementor-element-7384ce94 elementor-position-inline-start elementor-view-default elementor-mobile-position-block-start elementor-invisible elementor-widget elementor-widget-icon-box\" data-id=\"7384ce94\" data-element_type=\"widget\" data-e-type=\"widget\" data-settings=\"{&quot;_animation&quot;:&quot;fadeIn&quot;,&quot;_animation_delay&quot;:500}\" data-widget_type=\"icon-box.default\">\n\t\t\t\t<div class=\"elementor-widget-container\">\n\t\t\t\t\t\t\t<div class=\"elementor-icon-box-wrapper\">\n\n\t\t\t\t\t\t<div class=\"elementor-icon-box-icon\">\n\t\t\t\t<span  class=\"elementor-icon\">\n\t\t\t\t<svg xmlns=\"http:\/\/www.w3.org\/2000\/svg\" width=\"30\" height=\"30\" viewBox=\"0 0 30 30\" fill=\"none\"><circle cx=\"15\" cy=\"15\" r=\"14.5\" stroke=\"#084608\"><\/circle><path d=\"M21.3438 9.13184C21.5195 8.95605 21.8008 8.95605 21.9414 9.13184L22.9609 10.1162C23.1016 10.292 23.1016 10.5732 22.9609 10.7139L12.4141 21.2607C12.2383 21.4365 11.9922 21.4365 11.8164 21.2607L7.10547 16.585C6.96484 16.4092 6.96484 16.1279 7.10547 15.9873L8.125 14.9678C8.26562 14.8271 8.54688 14.8271 8.72266 14.9678L12.0977 18.3779L21.3438 9.13184Z\" fill=\"#084608\"><\/path><\/svg>\t\t\t\t<\/span>\n\t\t\t<\/div>\n\t\t\t\n\t\t\t\t\t\t<div class=\"elementor-icon-box-content\">\n\n\t\t\t\t\n\t\t\t\t\t\t\t\t\t<p class=\"elementor-icon-box-description\">\n\t\t\t\t\t\tPDS est le leader en mati\u00e8re de logiciels de conception de palettes et d'\u00e9valuation des charges unitaires. Il vous aide \u00e0 concevoir une palette en d\u00e9terminant scientifiquement la capacit\u00e9 de charge, les performances et les mat\u00e9riaux n\u00e9cessaires. Cela vous permet de concevoir la palette la plus efficace et la plus rentable pour tous vos besoins ou ceux de vos clients. \t\t\t\t\t<\/p>\n\t\t\t\t\n\t\t\t<\/div>\n\t\t\t\n\t\t<\/div>\n\t\t\t\t\t\t<\/div>\n\t\t\t\t<\/div>\n\t\t\t\t<div class=\"elementor-element elementor-element-6912c3d elementor-position-inline-start elementor-view-default elementor-mobile-position-block-start elementor-invisible elementor-widget elementor-widget-icon-box\" data-id=\"6912c3d\" data-element_type=\"widget\" data-e-type=\"widget\" data-settings=\"{&quot;_animation&quot;:&quot;fadeIn&quot;,&quot;_animation_delay&quot;:500}\" data-widget_type=\"icon-box.default\">\n\t\t\t\t<div class=\"elementor-widget-container\">\n\t\t\t\t\t\t\t<div class=\"elementor-icon-box-wrapper\">\n\n\t\t\t\t\t\t<div class=\"elementor-icon-box-icon\">\n\t\t\t\t<span  class=\"elementor-icon\">\n\t\t\t\t<svg xmlns=\"http:\/\/www.w3.org\/2000\/svg\" width=\"30\" height=\"30\" viewBox=\"0 0 30 30\" fill=\"none\"><circle cx=\"15\" cy=\"15\" r=\"14.5\" stroke=\"#084608\"><\/circle><path d=\"M21.3438 9.13184C21.5195 8.95605 21.8008 8.95605 21.9414 9.13184L22.9609 10.1162C23.1016 10.292 23.1016 10.5732 22.9609 10.7139L12.4141 21.2607C12.2383 21.4365 11.9922 21.4365 11.8164 21.2607L7.10547 16.585C6.96484 16.4092 6.96484 16.1279 7.10547 15.9873L8.125 14.9678C8.26562 14.8271 8.54688 14.8271 8.72266 14.9678L12.0977 18.3779L21.3438 9.13184Z\" fill=\"#084608\"><\/path><\/svg>\t\t\t\t<\/span>\n\t\t\t<\/div>\n\t\t\t\n\t\t\t\t\t\t<div class=\"elementor-icon-box-content\">\n\n\t\t\t\t\n\t\t\t\t\t\t\t\t\t<p class=\"elementor-icon-box-description\">\n\t\t\t\t\t\tLe PDS est \u00e9galement disponible en anglais et en fran\u00e7ais, ce qui garantit \u00e0 nos membres \u00e0 travers le pays l'acc\u00e8s \u00e0 un produit qui sert les deux langues officielles.\n \t\t\t\t\t<\/p>\n\t\t\t\t\n\t\t\t<\/div>\n\t\t\t\n\t\t<\/div>\n\t\t\t\t\t\t<\/div>\n\t\t\t\t<\/div>\n\t\t\t\t<\/div>\n\t\t\t\t<div class=\"elementor-element elementor-element-2bb4754d elementor-widget__width-initial elementor-widget-laptop__width-initial elementor-invisible elementor-widget elementor-widget-button\" data-id=\"2bb4754d\" data-element_type=\"widget\" data-e-type=\"widget\" data-settings=\"{&quot;_animation&quot;:&quot;fadeInLeft&quot;}\" data-widget_type=\"button.default\">\n\t\t\t\t<div class=\"elementor-widget-container\">\n\t\t\t\t\t\t\t\t\t<div class=\"elementor-button-wrapper\">\n\t\t\t\t\t<a class=\"elementor-button elementor-button-link elementor-size-sm\" href=\"https:\/\/palletdesignsystem.com\/fr\/\">\n\t\t\t\t\t\t<span class=\"elementor-button-content-wrapper\">\n\t\t\t\t\t\t\t\t\t<span class=\"elementor-button-text\">Pour plus de renseignements sur PDS<\/span>\n\t\t\t\t\t<\/span>\n\t\t\t\t\t<\/a>\n\t\t\t\t<\/div>\n\t\t\t\t\t\t\t\t<\/div>\n\t\t\t\t<\/div>\n\t\t\t\t<div class=\"elementor-element elementor-element-2f4e460 elementor-mobile-align-left elementor-widget__width-initial elementor-widget-laptop__width-initial elementor-invisible elementor-widget elementor-widget-button\" data-id=\"2f4e460\" data-element_type=\"widget\" data-e-type=\"widget\" data-settings=\"{&quot;_animation&quot;:&quot;fadeInLeft&quot;}\" data-widget_type=\"button.default\">\n\t\t\t\t<div class=\"elementor-widget-container\">\n\t\t\t\t\t\t\t\t\t<div class=\"elementor-button-wrapper\">\n\t\t\t\t\t<a class=\"elementor-button elementor-button-link elementor-size-sm\" href=\"https:\/\/palletdesignsystem.com\/fr\/request-free-trial\/\">\n\t\t\t\t\t\t<span class=\"elementor-button-content-wrapper\">\n\t\t\t\t\t\t\t\t\t<span class=\"elementor-button-text\">Pour un essai gratuit<\/span>\n\t\t\t\t\t<\/span>\n\t\t\t\t\t<\/a>\n\t\t\t\t<\/div>\n\t\t\t\t\t\t\t\t<\/div>\n\t\t\t\t<\/div>\n\t\t\t\t<div class=\"elementor-element elementor-element-7196e56 elementor-mobile-align-left elementor-widget__width-initial elementor-widget-laptop__width-initial elementor-invisible elementor-widget elementor-widget-button\" data-id=\"7196e56\" data-element_type=\"widget\" data-e-type=\"widget\" data-settings=\"{&quot;_animation&quot;:&quot;fadeInLeft&quot;}\" data-widget_type=\"button.default\">\n\t\t\t\t<div class=\"elementor-widget-container\">\n\t\t\t\t\t\t\t\t\t<div class=\"elementor-button-wrapper\">\n\t\t\t\t\t<a class=\"elementor-button elementor-button-link elementor-size-sm\" href=\"https:\/\/palletdesignsystem.com\/fr\/license-pds\/\">\n\t\t\t\t\t\t<span class=\"elementor-button-content-wrapper\">\n\t\t\t\t\t\t\t\t\t<span class=\"elementor-button-text\">Pour les tarifs<\/span>\n\t\t\t\t\t<\/span>\n\t\t\t\t\t<\/a>\n\t\t\t\t<\/div>\n\t\t\t\t\t\t\t\t<\/div>\n\t\t\t\t<\/div>\n\t\t\t\t<\/div>\n\t\t<div class=\"elementor-element elementor-element-537dfeb8 e-con-full e-flex e-con e-child\" data-id=\"537dfeb8\" data-element_type=\"container\" data-e-type=\"container\" data-settings=\"{&quot;background_background&quot;:&quot;classic&quot;}\">\n\t\t\t\t<div class=\"elementor-element elementor-element-75560b09 elementor-widget elementor-widget-image\" data-id=\"75560b09\" data-element_type=\"widget\" data-e-type=\"widget\" data-widget_type=\"image.default\">\n\t\t\t\t<div class=\"elementor-widget-container\">\n\t\t\t\t\t\t\t\t\t\t\t\t\t\t\t<img fetchpriority=\"high\" decoding=\"async\" width=\"800\" height=\"534\" src=\"https:\/\/www.canadianpallets.com\/wp-content\/uploads\/2025\/06\/Warehouse-1024x683.jpg\" class=\"attachment-large size-large wp-image-230\" alt=\"Warehouse\" srcset=\"https:\/\/www.canadianpallets.com\/wp-content\/uploads\/2025\/06\/Warehouse-1024x683.jpg 1024w, https:\/\/www.canadianpallets.com\/wp-content\/uploads\/2025\/06\/Warehouse-300x200.jpg 300w, https:\/\/www.canadianpallets.com\/wp-content\/uploads\/2025\/06\/Warehouse-768x512.jpg 768w, https:\/\/www.canadianpallets.com\/wp-content\/uploads\/2025\/06\/Warehouse.jpg 1062w\" sizes=\"(max-width: 800px) 100vw, 800px\" \/>\t\t\t\t\t\t\t\t\t\t\t\t\t\t\t<\/div>\n\t\t\t\t<\/div>\n\t\t\t\t<\/div>\n\t\t\t\t\t<\/div>\n\t\t\t\t<\/div>\n\t\t\t\t<\/div>\n\t\t","protected":false},"excerpt":{"rendered":"<p>Pallet Design System\u2122 L&rsquo;Association canadienne de palettes et contenants en bois (ACPCB) a sign\u00e9 un partenariat exclusif avec la National Wood Pallet and Container Association (NWPCA) pour commercialiser Pallet Design System\u2122 (PDS) au Canada. Ce partenariat permet aux membres de l&rsquo;ACPCB d&rsquo;acc\u00e9der au logiciel PDS au Canada avec l&rsquo;avantage suppl\u00e9mentaire de prix pr\u00e9f\u00e9rentiels en plus [&hellip;]<\/p>\n","protected":false},"author":1,"featured_media":0,"parent":0,"menu_order":12,"comment_status":"closed","ping_status":"closed","template":"","meta":{"_acf_changed":false,"_seopress_robots_primary_cat":"","_seopress_titles_title":"Syst\u00e8me de Conception de Palettes\u2122 \u2013 ACPCB","_seopress_titles_desc":"Le Syst\u00e8me de Conception de Palettes\u2122 de l'ACPCB fournit des outils et des ressources pour optimiser la conceptiondes palettes au Canada.","_seopress_robots_index":"","pmpro_default_level":"","footnotes":""},"class_list":["post-3723","page","type-page","status-publish","hentry","pmpro-has-access"],"acf":[],"_links":{"self":[{"href":"https:\/\/www.canadianpallets.com\/fr\/wp-json\/wp\/v2\/pages\/3723","targetHints":{"allow":["GET"]}}],"collection":[{"href":"https:\/\/www.canadianpallets.com\/fr\/wp-json\/wp\/v2\/pages"}],"about":[{"href":"https:\/\/www.canadianpallets.com\/fr\/wp-json\/wp\/v2\/types\/page"}],"author":[{"embeddable":true,"href":"https:\/\/www.canadianpallets.com\/fr\/wp-json\/wp\/v2\/users\/1"}],"replies":[{"embeddable":true,"href":"https:\/\/www.canadianpallets.com\/fr\/wp-json\/wp\/v2\/comments?post=3723"}],"version-history":[{"count":9,"href":"https:\/\/www.canadianpallets.com\/fr\/wp-json\/wp\/v2\/pages\/3723\/revisions"}],"predecessor-version":[{"id":4689,"href":"https:\/\/www.canadianpallets.com\/fr\/wp-json\/wp\/v2\/pages\/3723\/revisions\/4689"}],"wp:attachment":[{"href":"https:\/\/www.canadianpallets.com\/fr\/wp-json\/wp\/v2\/media?parent=3723"}],"curies":[{"name":"wp","href":"https:\/\/api.w.org\/{rel}","templated":true}]}}