{"id":3717,"date":"2025-10-16T14:06:04","date_gmt":"2025-10-16T18:06:04","guid":{"rendered":"https:\/\/cwpca.worryfreeweb.ca\/cwpca-committees\/"},"modified":"2026-02-04T16:46:04","modified_gmt":"2026-02-04T21:46:04","slug":"comites-de-lacpcb","status":"publish","type":"page","link":"https:\/\/www.canadianpallets.com\/fr\/comites-de-lacpcb\/","title":{"rendered":"Comit\u00e9s de l&rsquo;ACPCB"},"content":{"rendered":"\t\t<div data-elementor-type=\"wp-page\" data-elementor-id=\"3717\" class=\"elementor elementor-3717 elementor-762\" data-elementor-post-type=\"page\">\n\t\t\t\t<div class=\"elementor-element elementor-element-f9f6b6d e-flex e-con-boxed e-con e-parent\" data-id=\"f9f6b6d\" data-element_type=\"container\" data-e-type=\"container\">\n\t\t\t\t\t<div class=\"e-con-inner\">\n\t\t\t\t<div class=\"elementor-element elementor-element-340dbec h2 elementor-widget elementor-widget-heading\" data-id=\"340dbec\" data-element_type=\"widget\" data-e-type=\"widget\" data-widget_type=\"heading.default\">\n\t\t\t\t<div class=\"elementor-widget-container\">\n\t\t\t\t\t<h1 class=\"elementor-heading-title elementor-size-default\">Comit\u00e9s de l&rsquo;ACPCB<\/h1>\t\t\t\t<\/div>\n\t\t\t\t<\/div>\n\t\t\t\t<div class=\"elementor-element elementor-element-f5958bb elementor-widget elementor-widget-heading\" data-id=\"f5958bb\" data-element_type=\"widget\" data-e-type=\"widget\" data-widget_type=\"heading.default\">\n\t\t\t\t<div class=\"elementor-widget-container\">\n\t\t\t\t\t<span class=\"elementor-heading-title elementor-size-default\">L'Association canadienne de palettes et contenants en bois\n<\/span>\t\t\t\t<\/div>\n\t\t\t\t<\/div>\n\t\t\t\t\t<\/div>\n\t\t\t\t<\/div>\n\t\t<div class=\"elementor-element elementor-element-f9a6a46 e-flex e-con-boxed e-con e-parent\" data-id=\"f9a6a46\" data-element_type=\"container\" data-e-type=\"container\">\n\t\t\t\t\t<div class=\"e-con-inner\">\n\t\t<div class=\"elementor-element elementor-element-43406bd e-con-full e-flex e-con e-child\" data-id=\"43406bd\" data-element_type=\"container\" data-e-type=\"container\">\n\t\t\t\t<div class=\"elementor-element elementor-element-0534f59 h2 elementor-widget elementor-widget-heading\" data-id=\"0534f59\" data-element_type=\"widget\" data-e-type=\"widget\" data-widget_type=\"heading.default\">\n\t\t\t\t<div class=\"elementor-widget-container\">\n\t\t\t\t\t<h2 class=\"elementor-heading-title elementor-size-default\">Impliquez-vous\n<\/h2>\t\t\t\t<\/div>\n\t\t\t\t<\/div>\n\t\t\t\t<div class=\"elementor-element elementor-element-a2c1e31 elementor-widget elementor-widget-text-editor\" data-id=\"a2c1e31\" data-element_type=\"widget\" data-e-type=\"widget\" data-widget_type=\"text-editor.default\">\n\t\t\t\t<div class=\"elementor-widget-container\">\n\t\t\t\t\t\t\t\t\t<p>Si vous voulez faire conna\u00eetre votre opinion et si vous d\u00e9sirez promouvoir l\u2019industrie canadienne des MEB, envisagez de vous joindre \u00e0 un comit\u00e9 de l\u2019ACPCB :<\/p>\t\t\t\t\t\t\t\t<\/div>\n\t\t\t\t<\/div>\n\t\t<div class=\"elementor-element elementor-element-eacab97 e-con-full e-flex e-con e-child\" data-id=\"eacab97\" data-element_type=\"container\" data-e-type=\"container\">\n\t\t\t\t<div class=\"elementor-element elementor-element-0b99ed1 elementor-position-inline-start elementor-view-default elementor-mobile-position-block-start elementor-invisible elementor-widget elementor-widget-icon-box\" data-id=\"0b99ed1\" data-element_type=\"widget\" data-e-type=\"widget\" data-settings=\"{&quot;_animation&quot;:&quot;fadeIn&quot;,&quot;_animation_delay&quot;:500}\" data-widget_type=\"icon-box.default\">\n\t\t\t\t<div class=\"elementor-widget-container\">\n\t\t\t\t\t\t\t<div class=\"elementor-icon-box-wrapper\">\n\n\t\t\t\t\t\t<div class=\"elementor-icon-box-icon\">\n\t\t\t\t<span  class=\"elementor-icon\">\n\t\t\t\t<svg xmlns=\"http:\/\/www.w3.org\/2000\/svg\" width=\"30\" height=\"30\" viewBox=\"0 0 30 30\" fill=\"none\"><circle cx=\"15\" cy=\"15\" r=\"14.5\" stroke=\"#084608\"><\/circle><path d=\"M21.3438 9.13184C21.5195 8.95605 21.8008 8.95605 21.9414 9.13184L22.9609 10.1162C23.1016 10.292 23.1016 10.5732 22.9609 10.7139L12.4141 21.2607C12.2383 21.4365 11.9922 21.4365 11.8164 21.2607L7.10547 16.585C6.96484 16.4092 6.96484 16.1279 7.10547 15.9873L8.125 14.9678C8.26562 14.8271 8.54688 14.8271 8.72266 14.9678L12.0977 18.3779L21.3438 9.13184Z\" fill=\"#084608\"><\/path><\/svg>\t\t\t\t<\/span>\n\t\t\t<\/div>\n\t\t\t\n\t\t\t\t\t\t<div class=\"elementor-icon-box-content\">\n\n\t\t\t\t\t\t\t\t\t<h5 class=\"elementor-icon-box-title\">\n\t\t\t\t\t\t<span  >\n\t\t\t\t\t\t\tComit\u00e9 des activit\u00e9s sp\u00e9ciales : \t\t\t\t\t\t<\/span>\n\t\t\t\t\t<\/h5>\n\t\t\t\t\n\t\t\t\t\t\t\t\t\t<p class=\"elementor-icon-box-description\">\n\t\t\t\t\t\tplanifier des assembl\u00e9es des membres (AGA, Eastern Focus, Western Focus) et des activit\u00e9s pour les membres (tournoi de golf).\t\t\t\t\t<\/p>\n\t\t\t\t\n\t\t\t<\/div>\n\t\t\t\n\t\t<\/div>\n\t\t\t\t\t\t<\/div>\n\t\t\t\t<\/div>\n\t\t\t\t<div class=\"elementor-element elementor-element-5c99517 elementor-position-inline-start elementor-view-default elementor-mobile-position-block-start elementor-invisible elementor-widget elementor-widget-icon-box\" data-id=\"5c99517\" data-element_type=\"widget\" data-e-type=\"widget\" data-settings=\"{&quot;_animation&quot;:&quot;fadeIn&quot;,&quot;_animation_delay&quot;:750}\" data-widget_type=\"icon-box.default\">\n\t\t\t\t<div class=\"elementor-widget-container\">\n\t\t\t\t\t\t\t<div class=\"elementor-icon-box-wrapper\">\n\n\t\t\t\t\t\t<div class=\"elementor-icon-box-icon\">\n\t\t\t\t<span  class=\"elementor-icon\">\n\t\t\t\t<svg xmlns=\"http:\/\/www.w3.org\/2000\/svg\" width=\"30\" height=\"30\" viewBox=\"0 0 30 30\" fill=\"none\"><circle cx=\"15\" cy=\"15\" r=\"14.5\" stroke=\"#084608\"><\/circle><path d=\"M21.3438 9.13184C21.5195 8.95605 21.8008 8.95605 21.9414 9.13184L22.9609 10.1162C23.1016 10.292 23.1016 10.5732 22.9609 10.7139L12.4141 21.2607C12.2383 21.4365 11.9922 21.4365 11.8164 21.2607L7.10547 16.585C6.96484 16.4092 6.96484 16.1279 7.10547 15.9873L8.125 14.9678C8.26562 14.8271 8.54688 14.8271 8.72266 14.9678L12.0977 18.3779L21.3438 9.13184Z\" fill=\"#084608\"><\/path><\/svg>\t\t\t\t<\/span>\n\t\t\t<\/div>\n\t\t\t\n\t\t\t\t\t\t<div class=\"elementor-icon-box-content\">\n\n\t\t\t\t\t\t\t\t\t<h5 class=\"elementor-icon-box-title\">\n\t\t\t\t\t\t<span  >\n\t\t\t\t\t\t\tComit\u00e9 de planification strat\u00e9gique\t\t\t\t\t\t<\/span>\n\t\t\t\t\t<\/h5>\n\t\t\t\t\n\t\t\t\t\t\t\t\t\t<p class=\"elementor-icon-box-description\">\n\t\t\t\t\t\t\u00e9laborer le plan d'action annuel qui d\u00e9coule du plan strat\u00e9gique de l\u2019ACPCB.\t\t\t\t\t<\/p>\n\t\t\t\t\n\t\t\t<\/div>\n\t\t\t\n\t\t<\/div>\n\t\t\t\t\t\t<\/div>\n\t\t\t\t<\/div>\n\t\t\t\t<div class=\"elementor-element elementor-element-779ee85 elementor-position-inline-start elementor-view-default elementor-mobile-position-block-start elementor-invisible elementor-widget elementor-widget-icon-box\" data-id=\"779ee85\" data-element_type=\"widget\" data-e-type=\"widget\" data-settings=\"{&quot;_animation&quot;:&quot;fadeIn&quot;,&quot;_animation_delay&quot;:1000}\" data-widget_type=\"icon-box.default\">\n\t\t\t\t<div class=\"elementor-widget-container\">\n\t\t\t\t\t\t\t<div class=\"elementor-icon-box-wrapper\">\n\n\t\t\t\t\t\t<div class=\"elementor-icon-box-icon\">\n\t\t\t\t<span  class=\"elementor-icon\">\n\t\t\t\t<svg xmlns=\"http:\/\/www.w3.org\/2000\/svg\" width=\"30\" height=\"30\" viewBox=\"0 0 30 30\" fill=\"none\"><circle cx=\"15\" cy=\"15\" r=\"14.5\" stroke=\"#084608\"><\/circle><path d=\"M21.3438 9.13184C21.5195 8.95605 21.8008 8.95605 21.9414 9.13184L22.9609 10.1162C23.1016 10.292 23.1016 10.5732 22.9609 10.7139L12.4141 21.2607C12.2383 21.4365 11.9922 21.4365 11.8164 21.2607L7.10547 16.585C6.96484 16.4092 6.96484 16.1279 7.10547 15.9873L8.125 14.9678C8.26562 14.8271 8.54688 14.8271 8.72266 14.9678L12.0977 18.3779L21.3438 9.13184Z\" fill=\"#084608\"><\/path><\/svg>\t\t\t\t<\/span>\n\t\t\t<\/div>\n\t\t\t\n\t\t\t\t\t\t<div class=\"elementor-icon-box-content\">\n\n\t\t\t\t\t\t\t\t\t<h5 class=\"elementor-icon-box-title\">\n\t\t\t\t\t\t<span  >\n\t\t\t\t\t\t\tComit\u00e9 consultatif des m\u00e9dias :\t\t\t\t\t\t<\/span>\n\t\t\t\t\t<\/h5>\n\t\t\t\t\n\t\t\t\t\t\t\t\t\t<p class=\"elementor-icon-box-description\">\n\t\t\t\t\t\td\u00e9velopper des initiatives \u00e0 l'aide de nouvelles techniques de marketing.\t\t\t\t\t<\/p>\n\t\t\t\t\n\t\t\t<\/div>\n\t\t\t\n\t\t<\/div>\n\t\t\t\t\t\t<\/div>\n\t\t\t\t<\/div>\n\t\t\t\t<\/div>\n\t\t\t\t<div class=\"elementor-element elementor-element-2b57c5a elementor-invisible elementor-widget elementor-widget-button\" data-id=\"2b57c5a\" data-element_type=\"widget\" data-e-type=\"widget\" data-settings=\"{&quot;_animation&quot;:&quot;fadeInLeft&quot;}\" data-widget_type=\"button.default\">\n\t\t\t\t<div class=\"elementor-widget-container\">\n\t\t\t\t\t\t\t\t\t<div class=\"elementor-button-wrapper\">\n\t\t\t\t\t<a class=\"elementor-button elementor-button-link elementor-size-sm\" href=\"https:\/\/canadianpallets.com\/fr\/contact-us\/\">\n\t\t\t\t\t\t<span class=\"elementor-button-content-wrapper\">\n\t\t\t\t\t\t\t\t\t<span class=\"elementor-button-text\">Impliquez-vous d\u00e8s maintenant !<\/span>\n\t\t\t\t\t<\/span>\n\t\t\t\t\t<\/a>\n\t\t\t\t<\/div>\n\t\t\t\t\t\t\t\t<\/div>\n\t\t\t\t<\/div>\n\t\t\t\t<\/div>\n\t\t<div class=\"elementor-element elementor-element-ee69279 e-con-full e-flex e-con e-child\" data-id=\"ee69279\" data-element_type=\"container\" data-e-type=\"container\" data-settings=\"{&quot;background_background&quot;:&quot;classic&quot;}\">\n\t\t\t\t<div class=\"elementor-element elementor-element-2e2d939 elementor-widget elementor-widget-image\" data-id=\"2e2d939\" data-element_type=\"widget\" data-e-type=\"widget\" data-widget_type=\"image.default\">\n\t\t\t\t<div class=\"elementor-widget-container\">\n\t\t\t\t\t\t\t\t\t\t\t\t\t\t\t<img fetchpriority=\"high\" decoding=\"async\" width=\"800\" height=\"600\" src=\"https:\/\/www.canadianpallets.com\/wp-content\/uploads\/2025\/06\/DSC00431-1024x768.jpg\" class=\"attachment-large size-large wp-image-227\" alt=\"DSC00431 scaled\" srcset=\"https:\/\/www.canadianpallets.com\/wp-content\/uploads\/2025\/06\/DSC00431-1024x768.jpg 1024w, https:\/\/www.canadianpallets.com\/wp-content\/uploads\/2025\/06\/DSC00431-300x225.jpg 300w, https:\/\/www.canadianpallets.com\/wp-content\/uploads\/2025\/06\/DSC00431-768x576.jpg 768w, https:\/\/www.canadianpallets.com\/wp-content\/uploads\/2025\/06\/DSC00431-1536x1152.jpg 1536w, https:\/\/www.canadianpallets.com\/wp-content\/uploads\/2025\/06\/DSC00431-2048x1536.jpg 2048w\" sizes=\"(max-width: 800px) 100vw, 800px\" \/>\t\t\t\t\t\t\t\t\t\t\t\t\t\t\t<\/div>\n\t\t\t\t<\/div>\n\t\t\t\t<\/div>\n\t\t\t\t\t<\/div>\n\t\t\t\t<\/div>\n\t\t\t\t<\/div>\n\t\t","protected":false},"excerpt":{"rendered":"<p>L&rsquo;Association canadienne de palettes et contenants en bois Impliquez-vous Si vous voulez faire conna\u00eetre votre opinion et si vous d\u00e9sirez promouvoir l\u2019industrie canadienne des MEB, envisagez de vous joindre \u00e0 un comit\u00e9 de l\u2019ACPCB : &nbsp; Comit\u00e9 des activit\u00e9s sp\u00e9ciales : planifier des assembl\u00e9es des membres (AGA, Eastern Focus, Western Focus) et des activit\u00e9s pour [&hellip;]<\/p>\n","protected":false},"author":1,"featured_media":0,"parent":0,"menu_order":4,"comment_status":"closed","ping_status":"closed","template":"elementor_header_footer","meta":{"_acf_changed":false,"_seopress_robots_primary_cat":"","_seopress_titles_title":"Comit\u00e9s de l'ACPCB \u2013 R\u00f4les, Membres & Objectifs","_seopress_titles_desc":"Les comit\u00e9s de l'ACPCB guident l\u2019industrie canadienne des palettes avec expertise, collaboration et innovation. Restez inform\u00e9 et connectez-vous aux leaders.","_seopress_robots_index":"","pmpro_default_level":"","footnotes":""},"class_list":["post-3717","page","type-page","status-publish","hentry","pmpro-has-access"],"acf":[],"_links":{"self":[{"href":"https:\/\/www.canadianpallets.com\/fr\/wp-json\/wp\/v2\/pages\/3717","targetHints":{"allow":["GET"]}}],"collection":[{"href":"https:\/\/www.canadianpallets.com\/fr\/wp-json\/wp\/v2\/pages"}],"about":[{"href":"https:\/\/www.canadianpallets.com\/fr\/wp-json\/wp\/v2\/types\/page"}],"author":[{"embeddable":true,"href":"https:\/\/www.canadianpallets.com\/fr\/wp-json\/wp\/v2\/users\/1"}],"replies":[{"embeddable":true,"href":"https:\/\/www.canadianpallets.com\/fr\/wp-json\/wp\/v2\/comments?post=3717"}],"version-history":[{"count":17,"href":"https:\/\/www.canadianpallets.com\/fr\/wp-json\/wp\/v2\/pages\/3717\/revisions"}],"predecessor-version":[{"id":4654,"href":"https:\/\/www.canadianpallets.com\/fr\/wp-json\/wp\/v2\/pages\/3717\/revisions\/4654"}],"wp:attachment":[{"href":"https:\/\/www.canadianpallets.com\/fr\/wp-json\/wp\/v2\/media?parent=3717"}],"curies":[{"name":"wp","href":"https:\/\/api.w.org\/{rel}","templated":true}]}}