{"id":3590,"date":"2025-12-19T11:37:17","date_gmt":"2025-12-19T16:37:17","guid":{"rendered":"https:\/\/cwpca.worryfreeweb.ca\/trade-requirements\/canada-wood-launches-website-on-phytosanitary-guidelines\/"},"modified":"2026-01-01T13:43:14","modified_gmt":"2026-01-01T18:43:14","slug":"produits-de-bois-canadien-a-lance-un-site-pour-recommendations-phytosanitaires","status":"publish","type":"page","link":"https:\/\/www.canadianpallets.com\/fr\/bibliotheque-de-ressources\/exigences-commerciales\/produits-de-bois-canadien-a-lance-un-site-pour-recommendations-phytosanitaires\/","title":{"rendered":"Produits de bois canadien a lanc\u00e9 un site pour recommendations phytosanitaires"},"content":{"rendered":"\t\t<div data-elementor-type=\"wp-page\" data-elementor-id=\"3590\" class=\"elementor elementor-3590 elementor-3584\" data-elementor-post-type=\"page\">\n\t\t\t\t<div class=\"elementor-element elementor-element-273e295f e-flex e-con-boxed e-con e-parent\" data-id=\"273e295f\" data-element_type=\"container\" data-e-type=\"container\">\n\t\t\t\t\t<div class=\"e-con-inner\">\n\t\t\t\t<div class=\"elementor-element elementor-element-27087e5a h2 elementor-widget elementor-widget-heading\" data-id=\"27087e5a\" data-element_type=\"widget\" data-e-type=\"widget\" data-widget_type=\"heading.default\">\n\t\t\t\t<div class=\"elementor-widget-container\">\n\t\t\t\t\t<h1 class=\"elementor-heading-title elementor-size-default\">Produits de bois canadien a lanc\u00e9 un site pour recommendations phytosanitaires\n<\/h1>\t\t\t\t<\/div>\n\t\t\t\t<\/div>\n\t\t\t\t<div class=\"elementor-element elementor-element-e177cb9 elementor-widget elementor-widget-text-editor\" data-id=\"e177cb9\" data-element_type=\"widget\" data-e-type=\"widget\" data-widget_type=\"text-editor.default\">\n\t\t\t\t<div class=\"elementor-widget-container\">\n\t\t\t\t\t\t\t\t\t<p>3 avril 2013<\/p><p>Produits de bois canadien a lanc\u00e9 un site Internet contenant des recommandations phytosanitaires et destin\u00e9 aux exportateurs canadiens de produits de bois canadien.<\/p><p>\u00a0<\/p><p>Lors de votre visite sur le site vous trouverez les sections suivantes :<\/p><ul><li>Page d&rsquo;accueil, avec des alertes d&rsquo;information et des notifications<\/li><li>Cat\u00e9gories de produits, avec une liste de ce que nous essayons de couvrir<\/li><li>Termes et d\u00e9finitions, pour mieux comprendre de quoi il s&rsquo;agit<\/li><li>Section d&rsquo;aide et comment faire, offrant un guide sur les permis d&rsquo;importation, permis phytosanitaires, NIMP 15, marquage CE, etc.<\/li><li>Liste des pays, comprenant 24 pays individuels + 27 \u00e9tats membres de l&rsquo;UE + aires prot\u00e9g\u00e9es de l&rsquo;UE<\/li><li>Liens utiles<\/li><li>Page de contact<\/li><\/ul><p>\u00a0<\/p><p>Le site Web se trouve \u00e0 l&rsquo;adresse www.canadawood.org\/phytosanitary-guidelines\/ et est prot\u00e9g\u00e9 par un mot de passe.<\/p><p>Pour obtenir votre nom d&rsquo;utilisateur et votre mot de passe, veuillez envoyer un courriel avec votre nom, votre compagnie, votre emplacement (ville et province) et votre courriel \u00e0 phytosanitary@canadawood.org.<\/p><p>Il est \u00e0 noter que le site est consacr\u00e9 uniquement aux exportateurs canadiens de produits forestiers canadiens. Les r\u00e8gles d&rsquo;exportation relatives aux envois de produits d&rsquo;autres pays (par exemple les \u00c9tats Unis) pourront \u00eatre diff\u00e9rentes des r\u00e8gles applicables \u00e0 nos produits lors de leur importation dans un m\u00eame pays.<\/p>\t\t\t\t\t\t\t\t<\/div>\n\t\t\t\t<\/div>\n\t\t\t\t\t<\/div>\n\t\t\t\t<\/div>\n\t\t\t\t<\/div>\n\t\t","protected":false},"excerpt":{"rendered":"<p>Produits de bois canadien a lanc\u00e9 un site pour recommendations phytosanitaires 3 avril 2013 Produits de bois canadien a lanc\u00e9 un site Internet contenant des recommandations phytosanitaires et destin\u00e9 aux exportateurs canadiens de produits de bois canadien. \u00a0 Lors de votre visite sur le site vous trouverez les sections suivantes : Page d&rsquo;accueil, avec des [&hellip;]<\/p>\n","protected":false},"author":10,"featured_media":0,"parent":3570,"menu_order":0,"comment_status":"closed","ping_status":"closed","template":"","meta":{"_acf_changed":false,"_seopress_robots_primary_cat":"","_seopress_titles_title":"","_seopress_titles_desc":"","_seopress_robots_index":"","pmpro_default_level":"","footnotes":""},"class_list":["post-3590","page","type-page","status-publish","hentry","pmpro-has-access"],"acf":[],"_links":{"self":[{"href":"https:\/\/www.canadianpallets.com\/fr\/wp-json\/wp\/v2\/pages\/3590","targetHints":{"allow":["GET"]}}],"collection":[{"href":"https:\/\/www.canadianpallets.com\/fr\/wp-json\/wp\/v2\/pages"}],"about":[{"href":"https:\/\/www.canadianpallets.com\/fr\/wp-json\/wp\/v2\/types\/page"}],"author":[{"embeddable":true,"href":"https:\/\/www.canadianpallets.com\/fr\/wp-json\/wp\/v2\/users\/10"}],"replies":[{"embeddable":true,"href":"https:\/\/www.canadianpallets.com\/fr\/wp-json\/wp\/v2\/comments?post=3590"}],"version-history":[{"count":4,"href":"https:\/\/www.canadianpallets.com\/fr\/wp-json\/wp\/v2\/pages\/3590\/revisions"}],"predecessor-version":[{"id":3594,"href":"https:\/\/www.canadianpallets.com\/fr\/wp-json\/wp\/v2\/pages\/3590\/revisions\/3594"}],"up":[{"embeddable":true,"href":"https:\/\/www.canadianpallets.com\/fr\/wp-json\/wp\/v2\/pages\/3570"}],"wp:attachment":[{"href":"https:\/\/www.canadianpallets.com\/fr\/wp-json\/wp\/v2\/media?parent=3590"}],"curies":[{"name":"wp","href":"https:\/\/api.w.org\/{rel}","templated":true}]}}