{"id":3569,"date":"2025-11-12T19:10:27","date_gmt":"2025-11-13T00:10:27","guid":{"rendered":"https:\/\/cwpca.worryfreeweb.ca\/non-conformances\/"},"modified":"2025-12-19T11:59:01","modified_gmt":"2025-12-19T16:59:01","slug":"non-conformances","status":"publish","type":"page","link":"https:\/\/www.canadianpallets.com\/fr\/bibliotheque-de-ressources\/non-conformances\/","title":{"rendered":"Non-conformit\u00e9s"},"content":{"rendered":"\t\t<div data-elementor-type=\"wp-page\" data-elementor-id=\"3569\" class=\"elementor elementor-3569 elementor-1835\" data-elementor-post-type=\"page\">\n\t\t\t\t<div class=\"elementor-element elementor-element-6ec6751b e-flex e-con-boxed e-con e-parent\" data-id=\"6ec6751b\" data-element_type=\"container\" data-e-type=\"container\">\n\t\t\t\t\t<div class=\"e-con-inner\">\n\t\t\t\t<div class=\"elementor-element elementor-element-7fed4e68 h2 elementor-widget elementor-widget-heading\" data-id=\"7fed4e68\" data-element_type=\"widget\" data-e-type=\"widget\" data-widget_type=\"heading.default\">\n\t\t\t\t<div class=\"elementor-widget-container\">\n\t\t\t\t\t<h1 class=\"elementor-heading-title elementor-size-default\">Non-conformit\u00e9s\n<\/h1>\t\t\t\t<\/div>\n\t\t\t\t<\/div>\n\t\t\t\t<div class=\"elementor-element elementor-element-425cec7 elementor-widget elementor-widget-text-editor\" data-id=\"425cec7\" data-element_type=\"widget\" data-e-type=\"widget\" data-widget_type=\"text-editor.default\">\n\t\t\t\t<div class=\"elementor-widget-container\">\n\t\t\t\t\t\t\t\t\t<p>Une non-conformit\u00e9 d\u00e9signe un manquement \u00e0 se conformer \u00e0 une exigence pr\u00e9cise. Il y en a trois cat\u00e9gories : majeures, mineures ou sous forme d\u2019observation. Elles sont toutes trois d\u00e9crites ci-dessous.<\/p><p>Lorsqu\u2019une non-conformit\u00e9 est identifi\u00e9e, l\u2019inspecteur \u00e9met un constat \u00e9crit de non-conformit\u00e9 contenant les renseignements suivants : la non-conformit\u00e9, les mesures correctives n\u00e9cessaires et s\u2019il y a lieu ou non de proc\u00e9der \u00e0 une nouvelle inspection. Cette nouvelle inspection est aux frais de l\u2019\u00e9tablissement (500$) et ne s\u2019effectue qu\u2019en cas de non-conformit\u00e9 majeure.<\/p><p>Les non-conformit\u00e9s peuvent entra\u00eener une suspension du Programme TC ou l\u2019annulation de l\u2019enregistrement si elles se r\u00e9p\u00e8tent, ou encore si elles compromettent l\u2019int\u00e9grit\u00e9 du Programme TC.<\/p>\t\t\t\t\t\t\t\t<\/div>\n\t\t\t\t<\/div>\n\t\t\t\t\t<\/div>\n\t\t\t\t<\/div>\n\t\t<div class=\"elementor-element elementor-element-2df2d27 e-flex e-con-boxed e-con e-parent\" data-id=\"2df2d27\" data-element_type=\"container\" data-e-type=\"container\">\n\t\t\t\t\t<div class=\"e-con-inner\">\n\t\t<div class=\"elementor-element elementor-element-21752d7 e-con-full e-flex e-con e-child\" data-id=\"21752d7\" data-element_type=\"container\" data-e-type=\"container\" data-settings=\"{&quot;background_background&quot;:&quot;classic&quot;}\">\n\t\t\t\t<div class=\"elementor-element elementor-element-4557171 elementor-widget elementor-widget-heading\" data-id=\"4557171\" data-element_type=\"widget\" data-e-type=\"widget\" data-widget_type=\"heading.default\">\n\t\t\t\t<div class=\"elementor-widget-container\">\n\t\t\t\t\t<h4 class=\"elementor-heading-title elementor-size-default\">Non-Conformit\u00e9s Majeures<\/h4>\t\t\t\t<\/div>\n\t\t\t\t<\/div>\n\t\t\t\t<div class=\"elementor-element elementor-element-7db6823 elementor-widget elementor-widget-text-editor\" data-id=\"7db6823\" data-element_type=\"widget\" data-e-type=\"widget\" data-widget_type=\"text-editor.default\">\n\t\t\t\t<div class=\"elementor-widget-container\">\n\t\t\t\t\t\t\t\t\t<p>Elles d\u00e9signent des non-conformit\u00e9s qui compromettent l\u2019int\u00e9grit\u00e9 du Programme TC.<\/p><p><a href=\"http:\/\/www.inspection.gc.ca\/vegetaux\/protection-des-vegetaux\/directives\/date\/d-13-01\/fra\/1438703782830\/1438711462283\" target=\"_blank\" rel=\"noopener\">D-13-01<\/a>\u00a0fournit les exemples suivants:<\/p><ol><li>Des \u00e9tablissements fonctionnant avec des changements significatifs \u00e0 leurs proc\u00e9dures et conditions pour le s\u00e9chage \u00e0 l&rsquo;\u00e9tuve qui n&rsquo;ont pas \u00e9t\u00e9 approuv\u00e9 par une agence accr\u00e9dit\u00e9 par le CLSAB ou un auditeur tiers approuv\u00e9 par l&rsquo;ACIA.<\/li><li>Les mesures correctives pour des non-conformit\u00e9s identifi\u00e9es au cours d&rsquo;audits pr\u00e9c\u00e9dents n&rsquo;ont pas \u00e9t\u00e9 impl\u00e9ment\u00e9es.<\/li><li>Les produits de bois r\u00e9glement\u00e9es destin\u00e9 pour le march\u00e9 hors fronti\u00e8res ne sont pas conformes aux normes phytosanitaires (c.-\u00e0-d. 56\u02da\u00e9 30 minutes) ou l&rsquo;\u00e9tablissement inscrit au programme ne satisfait pas aux sp\u00e9cifications de traitements d\u00e9crits dans leur manuel approuv\u00e9.<\/li><li>Le mat\u00e9riel export\u00e9 ou d\u00e9sign\u00e9 pour l&rsquo;export ne satisfait pas les exigences phytosanitaires du pays d&rsquo;importation.<\/li><li>L&rsquo;\u00e9tablissement a produit des certificats inappropri\u00e9s (par exemple : les produits ne satisfont pas les sp\u00e9cifications d\u00e9crits sur les certificats ou le certificat a \u00e9t\u00e9 \u00e9mis par une personne non autoris\u00e9e, etc.)<\/li><li>L&rsquo;\u00e9tablissement n&rsquo;a pas maintenu une s\u00e9paration suffisante entre le bois trait\u00e9 et non trait\u00e9.<\/li><li>Les dossiers sont incomplets, ou ne permettent pas \u00e0 l&rsquo;agence accr\u00e9dit\u00e9 par le CLSAB ou l&rsquo;auditeur tiers approuv\u00e9 par l&rsquo;ACIA de compl\u00e9ter un suivi sur les produits export\u00e9s (par exemple : les dossiers de traitement sont absents, incomplets, etc. ou les certificats pour l&rsquo;export ne sont pas maintenus, etc.)<\/li><li>Un envoi a \u00e9t\u00e9 assembl\u00e9 de produits en bois qui ne satisfont pas les normes de traitements ou qui ont \u00e9t\u00e9 obtenu par un \u00e9tablissement qui n&rsquo;est pas inscrit au programme de TC.<\/li><li>Formation insuffisante pour les employ\u00e9es responsable pour l&rsquo;impl\u00e9mentation des proc\u00e9dures.<\/li><\/ol>\t\t\t\t\t\t\t\t<\/div>\n\t\t\t\t<\/div>\n\t\t\t\t<\/div>\n\t\t<div class=\"elementor-element elementor-element-4540501 e-con-full e-flex e-con e-child\" data-id=\"4540501\" data-element_type=\"container\" data-e-type=\"container\" data-settings=\"{&quot;background_background&quot;:&quot;classic&quot;}\">\n\t\t\t\t<div class=\"elementor-element elementor-element-cfa726a elementor-widget elementor-widget-heading\" data-id=\"cfa726a\" data-element_type=\"widget\" data-e-type=\"widget\" data-widget_type=\"heading.default\">\n\t\t\t\t<div class=\"elementor-widget-container\">\n\t\t\t\t\t<h4 class=\"elementor-heading-title elementor-size-default\">Non-conformit\u00e9s mineures<\/h4>\t\t\t\t<\/div>\n\t\t\t\t<\/div>\n\t\t\t\t<div class=\"elementor-element elementor-element-9ff5802 elementor-widget elementor-widget-text-editor\" data-id=\"9ff5802\" data-element_type=\"widget\" data-e-type=\"widget\" data-widget_type=\"text-editor.default\">\n\t\t\t\t<div class=\"elementor-widget-container\">\n\t\t\t\t\t\t\t\t\t<p>Elles d\u00e9signent des incidents isol\u00e9s qui n\u2019ont pas de r\u00e9percussion sur l\u2019int\u00e9grit\u00e9 des\u00a0MEB et qui peuvent \u00eatre corrig\u00e9s dans un d\u00e9lai pr\u00e9cis.<\/p><p>Voici des exemples tir\u00e9s du\u00a0<a href=\"http:\/\/www.inspection.gc.ca\/vegetaux\/protection-des-vegetaux\/directives\/date\/d-13-01\/fra\/1438703782830\/1438711462283\" target=\"_blank\" rel=\"noopener\">D-13-01<\/a>\u00a0:<\/p><ol><li>Un \u00e9tablissement fonctionnant avec des changements mineures dans leur proc\u00e9dures qui n&rsquo;ont pas \u00e9t\u00e9 approuv\u00e9s par \u00e0 l&rsquo;agence accr\u00e9dit\u00e9 par le CLSAB ou l&rsquo;auditeur tiers approuv\u00e9 par l&rsquo;ACIA.<\/li><li>L&rsquo;\u00e9tablissement n&rsquo;a pas suivies les proc\u00e9dures (ou ont \u00e9t\u00e9 mal suivies) pour la documentation ou la production de certificats. Les proc\u00e9dures ne sont pas claires.<\/li><li>Un employ\u00e9 de l&rsquo;\u00e9tablissement responsable pour l&rsquo;impl\u00e9mentation de proc\u00e9dures de qualit\u00e9 ne conna\u00eet pas les sp\u00e9cifications phytosanitaires se rapportant aux activit\u00e9s qu&rsquo;il effectue.<\/li><li>La s\u00e9paration ou identification de bois trait\u00e9 et non trait\u00e9 est inad\u00e9quate, par contre l&rsquo;int\u00e9grit\u00e9 du produit pr\u00eat pour l&rsquo;export est inaffect\u00e9e.<\/li><li>La formation des employ\u00e9s n&rsquo;a pas \u00e9t\u00e9 compl\u00e9t\u00e9e ou les dossiers de formation n&rsquo;ont pas \u00e9t\u00e9 maintenus.<\/li><li>L&rsquo;\u00e9tablissement inscrit au programme n&rsquo;a pas maintenus la documentation des audits pr\u00e9c\u00e9dents.<\/li><li>L&rsquo;\u00e9tablissement n&rsquo;a pas adress\u00e9 des \u00e9l\u00e9ments identifi\u00e9 comme des observations d&rsquo;un audit pr\u00e9c\u00e9dent.<\/li><\/ol><p>Veuillez prendre note que cinq non-conformit\u00e9s mineures \u00e9quivalent \u00e0 une majeure.<\/p>\t\t\t\t\t\t\t\t<\/div>\n\t\t\t\t<\/div>\n\t\t\t\t<\/div>\n\t\t\t\t\t<\/div>\n\t\t\t\t<\/div>\n\t\t<div class=\"elementor-element elementor-element-8c1de5f e-flex e-con-boxed e-con e-parent\" data-id=\"8c1de5f\" data-element_type=\"container\" data-e-type=\"container\">\n\t\t\t\t\t<div class=\"e-con-inner\">\n\t\t<div class=\"elementor-element elementor-element-f25fe0c e-con-full e-flex e-con e-child\" data-id=\"f25fe0c\" data-element_type=\"container\" data-e-type=\"container\">\n\t\t\t\t<div class=\"elementor-element elementor-element-b5fc17b elementor-widget elementor-widget-heading\" data-id=\"b5fc17b\" data-element_type=\"widget\" data-e-type=\"widget\" data-widget_type=\"heading.default\">\n\t\t\t\t<div class=\"elementor-widget-container\">\n\t\t\t\t\t<h4 class=\"elementor-heading-title elementor-size-default\">Observations<\/h4>\t\t\t\t<\/div>\n\t\t\t\t<\/div>\n\t\t\t\t<div class=\"elementor-element elementor-element-322b3ae elementor-widget elementor-widget-text-editor\" data-id=\"322b3ae\" data-element_type=\"widget\" data-e-type=\"widget\" data-widget_type=\"text-editor.default\">\n\t\t\t\t<div class=\"elementor-widget-container\">\n\t\t\t\t\t\t\t\t\t<p>Les observations sont des r\u00e9sultats qui sont probl\u00e9matiques, mais qui n\u2019ont pas de r\u00e9percussion sur les exigences phytosanitaires du Programme TC.<\/p><p>En voici des exemples :<\/p><ol><li class=\"doubleLineBullet\">Num\u00e9ro de page manquant dans le manuel.<\/li><li class=\"doubleLineBullet\">Annexes du manuel non \u00e9tiquet\u00e9es ou non num\u00e9rot\u00e9es.<\/li><li class=\"doubleLineBullet\">Tenue de dossiers inad\u00e9quate \u00e0 l&rsquo;\u00e9tablissement, mais dossiers essentiels \u00e0 l&rsquo;int\u00e9grit\u00e9 de la norme phytosanitaire (<abbr title=\"par exemple\">p. ex.<\/abbr>, dossiers de traitement complets, tenue de registres de tra\u00e7abilit\u00e9).<\/li><li class=\"doubleLineBullet\">Organigramme de l&rsquo;\u00e9tablissement non mis \u00e0 jour lorsqu&rsquo;on apporte des modifications \u00e0 la composition du personnel.<\/li><\/ol>\t\t\t\t\t\t\t\t<\/div>\n\t\t\t\t<\/div>\n\t\t\t\t<\/div>\n\t\t\t\t\t<\/div>\n\t\t\t\t<\/div>\n\t\t\t\t<\/div>\n\t\t","protected":false},"excerpt":{"rendered":"<p>Non-conformit\u00e9s Une non-conformit\u00e9 d\u00e9signe un manquement \u00e0 se conformer \u00e0 une exigence pr\u00e9cise. Il y en a trois cat\u00e9gories : majeures, mineures ou sous forme d\u2019observation. Elles sont toutes trois d\u00e9crites ci-dessous. Lorsqu\u2019une non-conformit\u00e9 est identifi\u00e9e, l\u2019inspecteur \u00e9met un constat \u00e9crit de non-conformit\u00e9 contenant les renseignements suivants : la non-conformit\u00e9, les mesures correctives n\u00e9cessaires et [&hellip;]<\/p>\n","protected":false},"author":1,"featured_media":0,"parent":3746,"menu_order":5,"comment_status":"closed","ping_status":"closed","template":"","meta":{"_acf_changed":false,"_seopress_robots_primary_cat":"","_seopress_titles_title":"","_seopress_titles_desc":"","_seopress_robots_index":"","pmpro_default_level":"","footnotes":""},"class_list":["post-3569","page","type-page","status-publish","hentry","pmpro-has-access"],"acf":[],"_links":{"self":[{"href":"https:\/\/www.canadianpallets.com\/fr\/wp-json\/wp\/v2\/pages\/3569","targetHints":{"allow":["GET"]}}],"collection":[{"href":"https:\/\/www.canadianpallets.com\/fr\/wp-json\/wp\/v2\/pages"}],"about":[{"href":"https:\/\/www.canadianpallets.com\/fr\/wp-json\/wp\/v2\/types\/page"}],"author":[{"embeddable":true,"href":"https:\/\/www.canadianpallets.com\/fr\/wp-json\/wp\/v2\/users\/1"}],"replies":[{"embeddable":true,"href":"https:\/\/www.canadianpallets.com\/fr\/wp-json\/wp\/v2\/comments?post=3569"}],"version-history":[{"count":7,"href":"https:\/\/www.canadianpallets.com\/fr\/wp-json\/wp\/v2\/pages\/3569\/revisions"}],"predecessor-version":[{"id":3618,"href":"https:\/\/www.canadianpallets.com\/fr\/wp-json\/wp\/v2\/pages\/3569\/revisions\/3618"}],"up":[{"embeddable":true,"href":"https:\/\/www.canadianpallets.com\/fr\/wp-json\/wp\/v2\/pages\/3746"}],"wp:attachment":[{"href":"https:\/\/www.canadianpallets.com\/fr\/wp-json\/wp\/v2\/media?parent=3569"}],"curies":[{"name":"wp","href":"https:\/\/api.w.org\/{rel}","templated":true}]}}