{"id":3541,"date":"2025-11-12T19:08:31","date_gmt":"2025-11-13T00:08:31","guid":{"rendered":"https:\/\/cwpca.worryfreeweb.ca\/wood-packaging-the-enviroment\/"},"modified":"2026-01-01T13:21:46","modified_gmt":"2026-01-01T18:21:46","slug":"les-emballages-en-bois-et-lenvironnement","status":"publish","type":"page","link":"https:\/\/www.canadianpallets.com\/fr\/industrie-des-meb\/les-emballages-en-bois-et-lenvironnement\/","title":{"rendered":"Les emballages en bois et l&#039;environnement"},"content":{"rendered":"\t\t<div data-elementor-type=\"wp-page\" data-elementor-id=\"3541\" class=\"elementor elementor-3541 elementor-1811\" data-elementor-post-type=\"page\">\n\t\t\t\t<div class=\"elementor-element elementor-element-1882e17 e-flex e-con-boxed e-con e-parent\" data-id=\"1882e17\" data-element_type=\"container\" data-e-type=\"container\">\n\t\t\t\t\t<div class=\"e-con-inner\">\n\t\t\t\t<div class=\"elementor-element elementor-element-6646805 h2 elementor-widget elementor-widget-heading\" data-id=\"6646805\" data-element_type=\"widget\" data-e-type=\"widget\" data-widget_type=\"heading.default\">\n\t\t\t\t<div class=\"elementor-widget-container\">\n\t\t\t\t\t<h1 class=\"elementor-heading-title elementor-size-default\">Les emballages en bois et\nl'environnement<\/h1>\t\t\t\t<\/div>\n\t\t\t\t<\/div>\n\t\t\t\t\t<\/div>\n\t\t\t\t<\/div>\n\t\t<div class=\"elementor-element elementor-element-839a182 e-flex e-con-boxed e-con e-parent\" data-id=\"839a182\" data-element_type=\"container\" data-e-type=\"container\">\n\t\t\t\t\t<div class=\"e-con-inner\">\n\t\t<div class=\"elementor-element elementor-element-8e64e8b e-con-full e-flex e-con e-child\" data-id=\"8e64e8b\" data-element_type=\"container\" data-e-type=\"container\">\n\t\t\t\t<div class=\"elementor-element elementor-element-d8211c3 elementor-widget elementor-widget-video\" data-id=\"d8211c3\" data-element_type=\"widget\" data-e-type=\"widget\" data-settings=\"{&quot;youtube_url&quot;:&quot;https:\\\/\\\/youtu.be\\\/_2wieZVb48o&quot;,&quot;video_type&quot;:&quot;youtube&quot;,&quot;controls&quot;:&quot;yes&quot;}\" data-widget_type=\"video.default\">\n\t\t\t\t<div class=\"elementor-widget-container\">\n\t\t\t\t\t\t\t<div class=\"elementor-wrapper elementor-open-inline\">\n\t\t\t<div class=\"elementor-video\"><\/div>\t\t<\/div>\n\t\t\t\t\t\t<\/div>\n\t\t\t\t<\/div>\n\t\t\t\t<\/div>\n\t\t\t\t\t<\/div>\n\t\t\t\t<\/div>\n\t\t<div class=\"elementor-element elementor-element-c4ce039 e-flex e-con-boxed e-con e-parent\" data-id=\"c4ce039\" data-element_type=\"container\" data-e-type=\"container\">\n\t\t\t\t\t<div class=\"e-con-inner\">\n\t\t<div class=\"elementor-element elementor-element-377f721 e-con-full e-flex e-con e-child\" data-id=\"377f721\" data-element_type=\"container\" data-e-type=\"container\" data-settings=\"{&quot;background_background&quot;:&quot;classic&quot;}\">\n\t\t\t\t<div class=\"elementor-element elementor-element-fea758d elementor-widget elementor-widget-heading\" data-id=\"fea758d\" data-element_type=\"widget\" data-e-type=\"widget\" data-widget_type=\"heading.default\">\n\t\t\t\t<div class=\"elementor-widget-container\">\n\t\t\t\t\t<h4 class=\"elementor-heading-title elementor-size-default\">Une ressource renouvelable<\/h4>\t\t\t\t<\/div>\n\t\t\t\t<\/div>\n\t\t\t\t<div class=\"elementor-element elementor-element-4b8668a elementor-widget elementor-widget-text-editor\" data-id=\"4b8668a\" data-element_type=\"widget\" data-e-type=\"widget\" data-widget_type=\"text-editor.default\">\n\t\t\t\t<div class=\"elementor-widget-container\">\n\t\t\t\t\t\t\t\t\t<p>Le Canada compte 150 millions d&rsquo;hectares de\u00a0<a href=\"http:\/\/www.rncan.gc.ca\/forets\/canada\/amenagement-forestier-durable\/13184\" target=\"_blank\" rel=\"noopener\">for\u00eats certifi\u00e9es et durables<\/a>, la plus grande zone de for\u00eats certifi\u00e9es au monde!<\/p>\t\t\t\t\t\t\t\t<\/div>\n\t\t\t\t<\/div>\n\t\t\t\t<div class=\"elementor-element elementor-element-adb6f67 elementor-widget elementor-widget-image\" data-id=\"adb6f67\" data-element_type=\"widget\" data-e-type=\"widget\" data-widget_type=\"image.default\">\n\t\t\t\t<div class=\"elementor-widget-container\">\n\t\t\t\t\t\t\t\t\t\t\t\t\t\t\t<img fetchpriority=\"high\" decoding=\"async\" width=\"769\" height=\"225\" src=\"https:\/\/www.canadianpallets.com\/wp-content\/uploads\/2025\/12\/infographic-1-FR.jpg\" class=\"attachment-large size-large wp-image-3546\" alt=\"infographic 1 FR\" srcset=\"https:\/\/www.canadianpallets.com\/wp-content\/uploads\/2025\/12\/infographic-1-FR.jpg 769w, https:\/\/www.canadianpallets.com\/wp-content\/uploads\/2025\/12\/infographic-1-FR-300x88.jpg 300w\" sizes=\"(max-width: 769px) 100vw, 769px\" \/>\t\t\t\t\t\t\t\t\t\t\t\t\t\t\t<\/div>\n\t\t\t\t<\/div>\n\t\t\t\t<\/div>\n\t\t<div class=\"elementor-element elementor-element-4cab6d2 e-con-full e-flex e-con e-child\" data-id=\"4cab6d2\" data-element_type=\"container\" data-e-type=\"container\" data-settings=\"{&quot;background_background&quot;:&quot;classic&quot;}\">\n\t\t\t\t<div class=\"elementor-element elementor-element-289073b elementor-widget elementor-widget-heading\" data-id=\"289073b\" data-element_type=\"widget\" data-e-type=\"widget\" data-widget_type=\"heading.default\">\n\t\t\t\t<div class=\"elementor-widget-container\">\n\t\t\t\t\t<h4 class=\"elementor-heading-title elementor-size-default\">Ces for\u00eats agissent comme d\u2019immenses puits de carbone.<\/h4>\t\t\t\t<\/div>\n\t\t\t\t<\/div>\n\t\t\t\t<div class=\"elementor-element elementor-element-2c193e9 elementor-widget elementor-widget-text-editor\" data-id=\"2c193e9\" data-element_type=\"widget\" data-e-type=\"widget\" data-widget_type=\"text-editor.default\">\n\t\t\t\t<div class=\"elementor-widget-container\">\n\t\t\t\t\t\t\t\t\t<p>\u00c0 mesure que les arbres poussent, ils absorbent le CO2 de l&rsquo;atmosph\u00e8re. Apr\u00e8s avoir \u00e9t\u00e9 abattu, le bois continue de stocker le dioxyde de carbone captur\u00e9 pendant sa vie. Une palette de bois\u00a0<a href=\"http:\/\/www.emballageparnature.com\/environment\/\" target=\"_blank\" rel=\"noopener\">repr\u00e9sente environ 27 kg de CO2 absorb\u00e9.<\/a><\/p>\t\t\t\t\t\t\t\t<\/div>\n\t\t\t\t<\/div>\n\t\t\t\t<div class=\"elementor-element elementor-element-7119eed elementor-widget elementor-widget-image\" data-id=\"7119eed\" data-element_type=\"widget\" data-e-type=\"widget\" data-widget_type=\"image.default\">\n\t\t\t\t<div class=\"elementor-widget-container\">\n\t\t\t\t\t\t\t\t\t\t\t\t\t\t\t<img decoding=\"async\" width=\"772\" height=\"199\" src=\"https:\/\/www.canadianpallets.com\/wp-content\/uploads\/2025\/12\/infographic-3-FR.jpg\" class=\"attachment-large size-large wp-image-3547\" alt=\"infographic 3 FR\" srcset=\"https:\/\/www.canadianpallets.com\/wp-content\/uploads\/2025\/12\/infographic-3-FR.jpg 772w, https:\/\/www.canadianpallets.com\/wp-content\/uploads\/2025\/12\/infographic-3-FR-300x77.jpg 300w, https:\/\/www.canadianpallets.com\/wp-content\/uploads\/2025\/12\/infographic-3-FR-768x198.jpg 768w\" sizes=\"(max-width: 772px) 100vw, 772px\" \/>\t\t\t\t\t\t\t\t\t\t\t\t\t\t\t<\/div>\n\t\t\t\t<\/div>\n\t\t\t\t<\/div>\n\t\t\t\t\t<\/div>\n\t\t\t\t<\/div>\n\t\t<div class=\"elementor-element elementor-element-790feb41 e-flex e-con-boxed e-con e-parent\" data-id=\"790feb41\" data-element_type=\"container\" data-e-type=\"container\">\n\t\t\t\t\t<div class=\"e-con-inner\">\n\t\t<div class=\"elementor-element elementor-element-79597ae5 e-con-full e-flex e-con e-child\" data-id=\"79597ae5\" data-element_type=\"container\" data-e-type=\"container\">\n\t\t\t\t<div class=\"elementor-element elementor-element-2dcf4af elementor-widget elementor-widget-heading\" data-id=\"2dcf4af\" data-element_type=\"widget\" data-e-type=\"widget\" data-widget_type=\"heading.default\">\n\t\t\t\t<div class=\"elementor-widget-container\">\n\t\t\t\t\t<h4 class=\"elementor-heading-title elementor-size-default\">Un emballage naturel<\/h4>\t\t\t\t<\/div>\n\t\t\t\t<\/div>\n\t\t\t\t<div class=\"elementor-element elementor-element-72a4143c elementor-widget elementor-widget-text-editor\" data-id=\"72a4143c\" data-element_type=\"widget\" data-e-type=\"widget\" data-widget_type=\"text-editor.default\">\n\t\t\t\t<div class=\"elementor-widget-container\">\n\t\t\t\t\t\t\t\t\t<p>Contrairement \u00e0 l\u2019id\u00e9e commune,\u00a0<a href=\"http:\/\/www.rncan.gc.ca\/forets\/feux-insectes-perturbations\/deboisement\/13420\" target=\"_blank\" rel=\"noopener\">les palettes en bois ne contribuent pas \u00e0 la d\u00e9forestation.<\/a>\u00a0Bien qu\u2019elles soient fabriqu\u00e9es \u00e0 partir de nouveau bois, ces arbres sont habituellement abattus pour produire des mat\u00e9riaux de construction, des meubles ou des rev\u00eatements de sol. Consid\u00e9r\u00e9s comme moins attrayants, les restants de bois, ou les pertes, sont ensuite utilis\u00e9s pour fabriquer des palettes.<\/p><p>Les palettes et autres emballages en bois sont \u00e9norm\u00e9ment recycl\u00e9s et r\u00e9utilis\u00e9s tout au long de leur dur\u00e9e de vie. En plus de la r\u00e9paration et de la r\u00e9utilisation de base, les composantes des emballages en bois sont r\u00e9cup\u00e9r\u00e9es \u00e0 partir de produits inutilisables et r\u00e9int\u00e9gr\u00e9s dans des emballages neufs ou r\u00e9par\u00e9s en bois.<\/p><p>\u00c0 la fin de leur dur\u00e9e d\u2019utilisation normale, la plupart des palettes et des emballages sont r\u00e9utilis\u00e9s en tant que moyen de r\u00e9cup\u00e9ration d&rsquo;\u00e9nergie (chauffage), paillis pour am\u00e9nagement paysag\u00e9, literie d&rsquo;animaux, am\u00e9lioration du sol, panneaux de particules de bois ou palettes en bois press\u00e9.<\/p>\t\t\t\t\t\t\t\t<\/div>\n\t\t\t\t<\/div>\n\t\t\t\t<div class=\"elementor-element elementor-element-f342a09 elementor-widget elementor-widget-image\" data-id=\"f342a09\" data-element_type=\"widget\" data-e-type=\"widget\" data-widget_type=\"image.default\">\n\t\t\t\t<div class=\"elementor-widget-container\">\n\t\t\t\t\t\t\t\t\t\t\t\t\t\t\t<img decoding=\"async\" width=\"770\" height=\"149\" src=\"https:\/\/www.canadianpallets.com\/wp-content\/uploads\/2025\/12\/infographic-2-FR.jpg\" class=\"attachment-large size-large wp-image-3548\" alt=\"infographic 2 FR\" srcset=\"https:\/\/www.canadianpallets.com\/wp-content\/uploads\/2025\/12\/infographic-2-FR.jpg 770w, https:\/\/www.canadianpallets.com\/wp-content\/uploads\/2025\/12\/infographic-2-FR-300x58.jpg 300w, https:\/\/www.canadianpallets.com\/wp-content\/uploads\/2025\/12\/infographic-2-FR-768x149.jpg 768w\" sizes=\"(max-width: 770px) 100vw, 770px\" \/>\t\t\t\t\t\t\t\t\t\t\t\t\t\t\t<\/div>\n\t\t\t\t<\/div>\n\t\t<div class=\"elementor-element elementor-element-4c520fbf e-con-full e-flex e-con e-child\" data-id=\"4c520fbf\" data-element_type=\"container\" data-e-type=\"container\">\n\t\t\t\t<div class=\"elementor-element elementor-element-c1bcf38 elementor-widget elementor-widget-heading\" data-id=\"c1bcf38\" data-element_type=\"widget\" data-e-type=\"widget\" data-widget_type=\"heading.default\">\n\t\t\t\t<div class=\"elementor-widget-container\">\n\t\t\t\t\t<h5 class=\"elementor-heading-title elementor-size-default\">Ressources additionnelles :<\/h5>\t\t\t\t<\/div>\n\t\t\t\t<\/div>\n\t\t\t\t<div class=\"elementor-element elementor-element-33ddd3bd elementor-position-inline-start elementor-view-default elementor-mobile-position-block-start elementor-invisible elementor-widget elementor-widget-icon-box\" data-id=\"33ddd3bd\" data-element_type=\"widget\" data-e-type=\"widget\" data-settings=\"{&quot;_animation&quot;:&quot;fadeIn&quot;,&quot;_animation_delay&quot;:500}\" data-widget_type=\"icon-box.default\">\n\t\t\t\t<div class=\"elementor-widget-container\">\n\t\t\t\t\t\t\t<div class=\"elementor-icon-box-wrapper\">\n\n\t\t\t\t\t\t<div class=\"elementor-icon-box-icon\">\n\t\t\t\t<span  class=\"elementor-icon\">\n\t\t\t\t<svg xmlns=\"http:\/\/www.w3.org\/2000\/svg\" width=\"30\" height=\"30\" viewBox=\"0 0 30 30\" fill=\"none\"><circle cx=\"15\" cy=\"15\" r=\"14.5\" stroke=\"#084608\"><\/circle><path d=\"M21.3438 9.13184C21.5195 8.95605 21.8008 8.95605 21.9414 9.13184L22.9609 10.1162C23.1016 10.292 23.1016 10.5732 22.9609 10.7139L12.4141 21.2607C12.2383 21.4365 11.9922 21.4365 11.8164 21.2607L7.10547 16.585C6.96484 16.4092 6.96484 16.1279 7.10547 15.9873L8.125 14.9678C8.26562 14.8271 8.54688 14.8271 8.72266 14.9678L12.0977 18.3779L21.3438 9.13184Z\" fill=\"#084608\"><\/path><\/svg>\t\t\t\t<\/span>\n\t\t\t<\/div>\n\t\t\t\n\t\t\t\t\t\t<div class=\"elementor-icon-box-content\">\n\n\t\t\t\t\n\t\t\t\t\t\t\t\t\t<p class=\"elementor-icon-box-description\">\n\t\t\t\t\t\t<a href=\"https:\/\/naturespackaging.org\/fr\/carbon-calculator\/\" target=\"_blank\">Outil de calcul du carbone de l\u2019Emballage de la nature<\/a>\n\t\t\t\t\t<\/p>\n\t\t\t\t\n\t\t\t<\/div>\n\t\t\t\n\t\t<\/div>\n\t\t\t\t\t\t<\/div>\n\t\t\t\t<\/div>\n\t\t\t\t<div class=\"elementor-element elementor-element-25da450 elementor-position-inline-start elementor-view-default elementor-mobile-position-block-start elementor-invisible elementor-widget elementor-widget-icon-box\" data-id=\"25da450\" data-element_type=\"widget\" data-e-type=\"widget\" data-settings=\"{&quot;_animation&quot;:&quot;fadeIn&quot;,&quot;_animation_delay&quot;:500}\" data-widget_type=\"icon-box.default\">\n\t\t\t\t<div class=\"elementor-widget-container\">\n\t\t\t\t\t\t\t<div class=\"elementor-icon-box-wrapper\">\n\n\t\t\t\t\t\t<div class=\"elementor-icon-box-icon\">\n\t\t\t\t<a href=\"https:\/\/naturespackaging.org\/recycle-reuse\/#toggle-id-2\" class=\"elementor-icon\" tabindex=\"-1\">\n\t\t\t\t<svg xmlns=\"http:\/\/www.w3.org\/2000\/svg\" width=\"30\" height=\"30\" viewBox=\"0 0 30 30\" fill=\"none\"><circle cx=\"15\" cy=\"15\" r=\"14.5\" stroke=\"#084608\"><\/circle><path d=\"M21.3438 9.13184C21.5195 8.95605 21.8008 8.95605 21.9414 9.13184L22.9609 10.1162C23.1016 10.292 23.1016 10.5732 22.9609 10.7139L12.4141 21.2607C12.2383 21.4365 11.9922 21.4365 11.8164 21.2607L7.10547 16.585C6.96484 16.4092 6.96484 16.1279 7.10547 15.9873L8.125 14.9678C8.26562 14.8271 8.54688 14.8271 8.72266 14.9678L12.0977 18.3779L21.3438 9.13184Z\" fill=\"#084608\"><\/path><\/svg>\t\t\t\t<\/a>\n\t\t\t<\/div>\n\t\t\t\n\t\t\t\t\t\t<div class=\"elementor-icon-box-content\">\n\n\t\t\t\t\n\t\t\t\t\t\t\t\t\t<p class=\"elementor-icon-box-description\">\n\t\t\t\t\t\t<a href=\"https:\/\/naturespackaging.org\/fr\/recycle-reuse\/\" target=\"_blank\">R\u00e9utilisation et recyclage du bois au Canada<\/a>\n\t\t\t\t\t<\/p>\n\t\t\t\t\n\t\t\t<\/div>\n\t\t\t\n\t\t<\/div>\n\t\t\t\t\t\t<\/div>\n\t\t\t\t<\/div>\n\t\t\t\t<div class=\"elementor-element elementor-element-129571a elementor-position-inline-start elementor-view-default elementor-mobile-position-block-start elementor-invisible elementor-widget elementor-widget-icon-box\" data-id=\"129571a\" data-element_type=\"widget\" data-e-type=\"widget\" data-settings=\"{&quot;_animation&quot;:&quot;fadeIn&quot;,&quot;_animation_delay&quot;:500}\" data-widget_type=\"icon-box.default\">\n\t\t\t\t<div class=\"elementor-widget-container\">\n\t\t\t\t\t\t\t<div class=\"elementor-icon-box-wrapper\">\n\n\t\t\t\t\t\t<div class=\"elementor-icon-box-icon\">\n\t\t\t\t<a href=\"https:\/\/naturespackaging.org\/\" class=\"elementor-icon\" tabindex=\"-1\">\n\t\t\t\t<svg xmlns=\"http:\/\/www.w3.org\/2000\/svg\" width=\"30\" height=\"30\" viewBox=\"0 0 30 30\" fill=\"none\"><circle cx=\"15\" cy=\"15\" r=\"14.5\" stroke=\"#084608\"><\/circle><path d=\"M21.3438 9.13184C21.5195 8.95605 21.8008 8.95605 21.9414 9.13184L22.9609 10.1162C23.1016 10.292 23.1016 10.5732 22.9609 10.7139L12.4141 21.2607C12.2383 21.4365 11.9922 21.4365 11.8164 21.2607L7.10547 16.585C6.96484 16.4092 6.96484 16.1279 7.10547 15.9873L8.125 14.9678C8.26562 14.8271 8.54688 14.8271 8.72266 14.9678L12.0977 18.3779L21.3438 9.13184Z\" fill=\"#084608\"><\/path><\/svg>\t\t\t\t<\/a>\n\t\t\t<\/div>\n\t\t\t\n\t\t\t\t\t\t<div class=\"elementor-icon-box-content\">\n\n\t\t\t\t\n\t\t\t\t\t\t\t\t\t<p class=\"elementor-icon-box-description\">\n\t\t\t\t\t\t<a href=\"https:\/\/naturespackaging.org\/fr\/\" target=\"_blank\">D\u00e9chets de bois comme ressource<\/a>\n\t\t\t\t\t<\/p>\n\t\t\t\t\n\t\t\t<\/div>\n\t\t\t\n\t\t<\/div>\n\t\t\t\t\t\t<\/div>\n\t\t\t\t<\/div>\n\t\t\t\t<\/div>\n\t\t\t\t<\/div>\n\t\t\t\t\t<\/div>\n\t\t\t\t<\/div>\n\t\t\t\t<\/div>\n\t\t","protected":false},"excerpt":{"rendered":"<p>Les emballages en bois et l&rsquo;environnement Une ressource renouvelable Le Canada compte 150 millions d&rsquo;hectares de\u00a0for\u00eats certifi\u00e9es et durables, la plus grande zone de for\u00eats certifi\u00e9es au monde! Ces for\u00eats agissent comme d\u2019immenses puits de carbone. \u00c0 mesure que les arbres poussent, ils absorbent le CO2 de l&rsquo;atmosph\u00e8re. Apr\u00e8s avoir \u00e9t\u00e9 abattu, le bois continue [&hellip;]<\/p>\n","protected":false},"author":1,"featured_media":0,"parent":3733,"menu_order":0,"comment_status":"closed","ping_status":"closed","template":"","meta":{"_acf_changed":false,"_seopress_robots_primary_cat":"","_seopress_titles_title":"","_seopress_titles_desc":"","_seopress_robots_index":"","pmpro_default_level":"","footnotes":""},"class_list":["post-3541","page","type-page","status-publish","hentry","pmpro-has-access"],"acf":[],"_links":{"self":[{"href":"https:\/\/www.canadianpallets.com\/fr\/wp-json\/wp\/v2\/pages\/3541","targetHints":{"allow":["GET"]}}],"collection":[{"href":"https:\/\/www.canadianpallets.com\/fr\/wp-json\/wp\/v2\/pages"}],"about":[{"href":"https:\/\/www.canadianpallets.com\/fr\/wp-json\/wp\/v2\/types\/page"}],"author":[{"embeddable":true,"href":"https:\/\/www.canadianpallets.com\/fr\/wp-json\/wp\/v2\/users\/1"}],"replies":[{"embeddable":true,"href":"https:\/\/www.canadianpallets.com\/fr\/wp-json\/wp\/v2\/comments?post=3541"}],"version-history":[{"count":5,"href":"https:\/\/www.canadianpallets.com\/fr\/wp-json\/wp\/v2\/pages\/3541\/revisions"}],"predecessor-version":[{"id":4102,"href":"https:\/\/www.canadianpallets.com\/fr\/wp-json\/wp\/v2\/pages\/3541\/revisions\/4102"}],"up":[{"embeddable":true,"href":"https:\/\/www.canadianpallets.com\/fr\/wp-json\/wp\/v2\/pages\/3733"}],"wp:attachment":[{"href":"https:\/\/www.canadianpallets.com\/fr\/wp-json\/wp\/v2\/media?parent=3541"}],"curies":[{"name":"wp","href":"https:\/\/api.w.org\/{rel}","templated":true}]}}