{"id":3530,"date":"2025-11-12T19:08:01","date_gmt":"2025-11-13T00:08:01","guid":{"rendered":"https:\/\/cwpca.worryfreeweb.ca\/sustainability\/"},"modified":"2026-01-01T13:19:02","modified_gmt":"2026-01-01T18:19:02","slug":"durabilite","status":"publish","type":"page","link":"https:\/\/www.canadianpallets.com\/fr\/question-et-initiatives\/durabilite\/","title":{"rendered":"Durabilit\u00e9"},"content":{"rendered":"\t\t<div data-elementor-type=\"wp-page\" data-elementor-id=\"3530\" class=\"elementor elementor-3530 elementor-1801\" data-elementor-post-type=\"page\">\n\t\t\t\t<div class=\"elementor-element elementor-element-9922826 e-flex e-con-boxed e-con e-parent\" data-id=\"9922826\" data-element_type=\"container\" data-e-type=\"container\">\n\t\t\t\t\t<div class=\"e-con-inner\">\n\t\t\t\t<div class=\"elementor-element elementor-element-9a119f4 h2 elementor-widget elementor-widget-heading\" data-id=\"9a119f4\" data-element_type=\"widget\" data-e-type=\"widget\" data-widget_type=\"heading.default\">\n\t\t\t\t<div class=\"elementor-widget-container\">\n\t\t\t\t\t<h1 class=\"elementor-heading-title elementor-size-default\">Durabilit\u00e9<\/h1>\t\t\t\t<\/div>\n\t\t\t\t<\/div>\n\t\t\t\t\t<\/div>\n\t\t\t\t<\/div>\n\t\t<div class=\"elementor-element elementor-element-a9cb0bf e-flex e-con-boxed e-con e-parent\" data-id=\"a9cb0bf\" data-element_type=\"container\" data-e-type=\"container\">\n\t\t\t\t\t<div class=\"e-con-inner\">\n\t\t<div class=\"elementor-element elementor-element-37f6da8 e-con-full e-flex e-con e-child\" data-id=\"37f6da8\" data-element_type=\"container\" data-e-type=\"container\" data-settings=\"{&quot;background_background&quot;:&quot;classic&quot;}\">\n\t\t\t\t<div class=\"elementor-element elementor-element-af9c94b elementor-widget elementor-widget-heading\" data-id=\"af9c94b\" data-element_type=\"widget\" data-e-type=\"widget\" data-widget_type=\"heading.default\">\n\t\t\t\t<div class=\"elementor-widget-container\">\n\t\t\t\t\t<h4 class=\"elementor-heading-title elementor-size-default\">Pourquoi la durabilit\u00e9 est-elle importante?<\/h4>\t\t\t\t<\/div>\n\t\t\t\t<\/div>\n\t\t\t\t<div class=\"elementor-element elementor-element-1580f9c elementor-widget elementor-widget-text-editor\" data-id=\"1580f9c\" data-element_type=\"widget\" data-e-type=\"widget\" data-widget_type=\"text-editor.default\">\n\t\t\t\t<div class=\"elementor-widget-container\">\n\t\t\t\t\t\t\t\t\t<p>La durabilit\u00e9 entretient l&rsquo;harmonie entre les humains et la nature. En termes simples, cela signifie qu\u2019elle permet de conserver nos ressources pour les g\u00e9n\u00e9rations pr\u00e9sentes et futures. Nous d\u00e9finissons le concept de la durabilit\u00e9 en y incluant les personnes, leur milieu de travail et l&rsquo;environnement naturel.<\/p><p>Le bois en tant que ressource naturelle est un choix durable pour de nombreuses raisons. Il n\u00e9cessite moins d&rsquo;\u00e9nergie pour le produire que les mat\u00e9riaux de construction les plus couramment utilis\u00e9s et poss\u00e8de une empreinte de carbone n\u00e9gative.<\/p><p>\u00c9tant donn\u00e9 que l&rsquo;industrie des emballages en bois utilise les r\u00e9sidus du bois, elle fait bien usage de toutes les parties d&rsquo;un arbre abattu \u2013 un mod\u00e8le tr\u00e8s efficace pour la gestion des ressources.<\/p><p>En \u00e9troite liaison avec nos partenaires mondiaux de l&rsquo;industrie, nous d\u00e9fendons les avantages de l&rsquo;utilisation de mat\u00e9riaux d&#8217;emballages en bois comme solution durable pour le transport de marchandises sur le march\u00e9 et nous accordons la priorit\u00e9 \u00e0 l&rsquo;am\u00e9lioration de nos pratiques.<\/p>\t\t\t\t\t\t\t\t<\/div>\n\t\t\t\t<\/div>\n\t\t\t\t<\/div>\n\t\t<div class=\"elementor-element elementor-element-58b1ce4 e-con-full e-flex e-con e-child\" data-id=\"58b1ce4\" data-element_type=\"container\" data-e-type=\"container\" data-settings=\"{&quot;background_background&quot;:&quot;classic&quot;}\">\n\t\t\t\t<div class=\"elementor-element elementor-element-ad4afa1 elementor-widget elementor-widget-heading\" data-id=\"ad4afa1\" data-element_type=\"widget\" data-e-type=\"widget\" data-widget_type=\"heading.default\">\n\t\t\t\t<div class=\"elementor-widget-container\">\n\t\t\t\t\t<h4 class=\"elementor-heading-title elementor-size-default\">Emballage de la nature : promouvoir le mode durable<\/h4>\t\t\t\t<\/div>\n\t\t\t\t<\/div>\n\t\t\t\t<div class=\"elementor-element elementor-element-f77bb7f elementor-widget elementor-widget-text-editor\" data-id=\"f77bb7f\" data-element_type=\"widget\" data-e-type=\"widget\" data-widget_type=\"text-editor.default\">\n\t\t\t\t<div class=\"elementor-widget-container\">\n\t\t\t\t\t\t\t\t\t<p>Une des fa\u00e7ons dont nous favorisons l&rsquo;usage de l&#8217;emballage et des palettes en bois aux utilisateurs qui cherchent des solutions durables, responsables et \u00e9conomiques est\u00a0<strong>l&rsquo;initiative d\u2019Emballage de la nature<\/strong>\u00a0(Nature\u2019s Packaging, en anglais).<\/p><p><strong>Vision d\u2019Emballage de la nature :<\/strong>\u00a0pour l&rsquo;utilisation accrue des emballages en bois pour am\u00e9liorer l&rsquo;environnement tout en r\u00e9pondant aux besoins croissants de la distribution mondiale.<\/p><p><strong>D\u00e9claration de la mission :<\/strong>\u00a0Augmenter l&rsquo;utilisation des emballages en bois en \u00e9duquant et en informant les clients, les sp\u00e9cialistes de l&#8217;emballage et les \u00e9tudiants dans le domaine de l&#8217;emballage sur les avantages environnementaux du bois.<\/p><p>Gr\u00e2ce \u00e0 notre participation \u00e0 Emballage de la nature, nous avons maintenant un pied \u00e0 terre \u00e0 la\u00a0<strong>Pallet Foundation\u00a0<\/strong>situ\u00e9e aux \u00c9tats-Unis, qui administre des fonds et des ressources pour soutenir l&rsquo;industrie des emballages en bois et pour assurer l&rsquo;\u00e9ducation en Am\u00e9rique du Nord.<\/p>\t\t\t\t\t\t\t\t<\/div>\n\t\t\t\t<\/div>\n\t\t\t\t<\/div>\n\t\t\t\t\t<\/div>\n\t\t\t\t<\/div>\n\t\t<div class=\"elementor-element elementor-element-266db9d2 e-flex e-con-boxed e-con e-parent\" data-id=\"266db9d2\" data-element_type=\"container\" data-e-type=\"container\">\n\t\t\t\t\t<div class=\"e-con-inner\">\n\t\t<div class=\"elementor-element elementor-element-2b0ad340 e-con-full e-flex e-con e-child\" data-id=\"2b0ad340\" data-element_type=\"container\" data-e-type=\"container\">\n\t\t<div class=\"elementor-element elementor-element-61320b97 e-con-full e-flex e-con e-child\" data-id=\"61320b97\" data-element_type=\"container\" data-e-type=\"container\">\n\t\t\t\t<div class=\"elementor-element elementor-element-eaca5f5 elementor-widget elementor-widget-heading\" data-id=\"eaca5f5\" data-element_type=\"widget\" data-e-type=\"widget\" data-widget_type=\"heading.default\">\n\t\t\t\t<div class=\"elementor-widget-container\">\n\t\t\t\t\t<h4 class=\"elementor-heading-title elementor-size-default\">Une d\u00e9claration de produits environnementaux pour l'emballage en bois<\/h4>\t\t\t\t<\/div>\n\t\t\t\t<\/div>\n\t\t\t\t<div class=\"elementor-element elementor-element-47984dc elementor-widget elementor-widget-text-editor\" data-id=\"47984dc\" data-element_type=\"widget\" data-e-type=\"widget\" data-widget_type=\"text-editor.default\">\n\t\t\t\t<div class=\"elementor-widget-container\">\n\t\t\t\t\t\t\t\t\t<p>Les solides accr\u00e9ditations environnementales du bois ont \u00e9t\u00e9 acquises gr\u00e2ce \u00e0 diverses \u00e9tudes d&rsquo;\u00e9valuation du cycle de vie et les d\u00e9clarations sur les produits environnementaux (Environmental Product Declarations (EPD)).<\/p><p>Pour comparer les palettes de bois plus sp\u00e9cifiquement avec celles des autres types de mat\u00e9riaux dans un format standard, l\u2019ACPCB et la NWPCA, notre homologue am\u00e9ricain, travaillent actuellement en collaboration pour pr\u00e9parer un EPD pour l\u2019emballage en bois en Am\u00e9rique du Nord.<\/p><p>Les indicateurs environnementaux sont calcul\u00e9s en appliquant l\u2019approche d&rsquo;\u00e9valuation du cycle de vie sur un produit moyen selon l\u2019approche du \u00ab berceau au tombeau \u00bb. Cela permet aux utilisateurs de comparer l&rsquo;impact des diff\u00e9rentes solutions sur l&rsquo;environnement et de faire un choix \u00e9clair\u00e9.<\/p>\t\t\t\t\t\t\t\t<\/div>\n\t\t\t\t<\/div>\n\t\t\t\t<\/div>\n\t\t\t\t<\/div>\n\t\t<div class=\"elementor-element elementor-element-3f0896c0 e-con-full e-flex e-con e-child\" data-id=\"3f0896c0\" data-element_type=\"container\" data-e-type=\"container\" data-settings=\"{&quot;background_background&quot;:&quot;classic&quot;}\">\n\t\t<div class=\"elementor-element elementor-element-027167a e-con-full e-flex e-con e-child\" data-id=\"027167a\" data-element_type=\"container\" data-e-type=\"container\">\n\t\t\t\t<div class=\"elementor-element elementor-element-4366a67 elementor-widget elementor-widget-image\" data-id=\"4366a67\" data-element_type=\"widget\" data-e-type=\"widget\" data-widget_type=\"image.default\">\n\t\t\t\t<div class=\"elementor-widget-container\">\n\t\t\t\t\t\t\t\t\t\t\t\t\t\t\t<img decoding=\"async\" width=\"300\" height=\"110\" src=\"https:\/\/www.canadianpallets.com\/wp-content\/uploads\/2025\/12\/np-logo-color-tm-002-300x110.png\" class=\"attachment-medium size-medium wp-image-3531\" alt=\"np logo color tm 002\" srcset=\"https:\/\/www.canadianpallets.com\/wp-content\/uploads\/2025\/12\/np-logo-color-tm-002-300x110.png 300w, https:\/\/www.canadianpallets.com\/wp-content\/uploads\/2025\/12\/np-logo-color-tm-002-768x282.png 768w, https:\/\/www.canadianpallets.com\/wp-content\/uploads\/2025\/12\/np-logo-color-tm-002.png 802w\" sizes=\"(max-width: 300px) 100vw, 300px\" \/>\t\t\t\t\t\t\t\t\t\t\t\t\t\t\t<\/div>\n\t\t\t\t<\/div>\n\t\t\t\t<div class=\"elementor-element elementor-element-587d5fa2 elementor-invisible elementor-widget elementor-widget-button\" data-id=\"587d5fa2\" data-element_type=\"widget\" data-e-type=\"widget\" data-settings=\"{&quot;_animation&quot;:&quot;fadeInLeft&quot;}\" data-widget_type=\"button.default\">\n\t\t\t\t<div class=\"elementor-widget-container\">\n\t\t\t\t\t\t\t\t\t<div class=\"elementor-button-wrapper\">\n\t\t\t\t\t<a class=\"elementor-button elementor-button-link elementor-size-sm\" href=\"https:\/\/naturespackaging.org\/fr\/about\/\">\n\t\t\t\t\t\t<span class=\"elementor-button-content-wrapper\">\n\t\t\t\t\t\t\t\t\t<span class=\"elementor-button-text\">En apprendre plus sur l'emballage de la nature<\/span>\n\t\t\t\t\t<\/span>\n\t\t\t\t\t<\/a>\n\t\t\t\t<\/div>\n\t\t\t\t\t\t\t\t<\/div>\n\t\t\t\t<\/div>\n\t\t\t\t<\/div>\n\t\t\t\t<div class=\"elementor-element elementor-element-40c6aa2 elementor-widget elementor-widget-video\" data-id=\"40c6aa2\" data-element_type=\"widget\" data-e-type=\"widget\" data-settings=\"{&quot;youtube_url&quot;:&quot;https:\\\/\\\/www.youtube.com\\\/watch?v=_2wieZVb48o&quot;,&quot;video_type&quot;:&quot;youtube&quot;,&quot;controls&quot;:&quot;yes&quot;}\" data-widget_type=\"video.default\">\n\t\t\t\t<div class=\"elementor-widget-container\">\n\t\t\t\t\t\t\t<div class=\"elementor-wrapper elementor-open-inline\">\n\t\t\t<div class=\"elementor-video\"><\/div>\t\t<\/div>\n\t\t\t\t\t\t<\/div>\n\t\t\t\t<\/div>\n\t\t\t\t<\/div>\n\t\t\t\t\t<\/div>\n\t\t\t\t<\/div>\n\t\t\t\t<\/div>\n\t\t","protected":false},"excerpt":{"rendered":"<p>Durabilit\u00e9 Pourquoi la durabilit\u00e9 est-elle importante? La durabilit\u00e9 entretient l&rsquo;harmonie entre les humains et la nature. En termes simples, cela signifie qu\u2019elle permet de conserver nos ressources pour les g\u00e9n\u00e9rations pr\u00e9sentes et futures. Nous d\u00e9finissons le concept de la durabilit\u00e9 en y incluant les personnes, leur milieu de travail et l&rsquo;environnement naturel. Le bois en [&hellip;]<\/p>\n","protected":false},"author":1,"featured_media":0,"parent":3727,"menu_order":0,"comment_status":"closed","ping_status":"closed","template":"","meta":{"_acf_changed":false,"_seopress_robots_primary_cat":"","_seopress_titles_title":"","_seopress_titles_desc":"","_seopress_robots_index":"","pmpro_default_level":"","footnotes":""},"class_list":["post-3530","page","type-page","status-publish","hentry","pmpro-has-access"],"acf":[],"_links":{"self":[{"href":"https:\/\/www.canadianpallets.com\/fr\/wp-json\/wp\/v2\/pages\/3530","targetHints":{"allow":["GET"]}}],"collection":[{"href":"https:\/\/www.canadianpallets.com\/fr\/wp-json\/wp\/v2\/pages"}],"about":[{"href":"https:\/\/www.canadianpallets.com\/fr\/wp-json\/wp\/v2\/types\/page"}],"author":[{"embeddable":true,"href":"https:\/\/www.canadianpallets.com\/fr\/wp-json\/wp\/v2\/users\/1"}],"replies":[{"embeddable":true,"href":"https:\/\/www.canadianpallets.com\/fr\/wp-json\/wp\/v2\/comments?post=3530"}],"version-history":[{"count":4,"href":"https:\/\/www.canadianpallets.com\/fr\/wp-json\/wp\/v2\/pages\/3530\/revisions"}],"predecessor-version":[{"id":3536,"href":"https:\/\/www.canadianpallets.com\/fr\/wp-json\/wp\/v2\/pages\/3530\/revisions\/3536"}],"up":[{"embeddable":true,"href":"https:\/\/www.canadianpallets.com\/fr\/wp-json\/wp\/v2\/pages\/3727"}],"wp:attachment":[{"href":"https:\/\/www.canadianpallets.com\/fr\/wp-json\/wp\/v2\/media?parent=3530"}],"curies":[{"name":"wp","href":"https:\/\/api.w.org\/{rel}","templated":true}]}}