{"id":3436,"date":"2025-10-16T14:06:04","date_gmt":"2025-10-16T18:06:04","guid":{"rendered":"https:\/\/cwpca.worryfreeweb.ca\/about-cwpca\/"},"modified":"2026-02-04T16:43:32","modified_gmt":"2026-02-04T21:43:32","slug":"a-propos-de-lacpcb","status":"publish","type":"page","link":"https:\/\/www.canadianpallets.com\/fr\/a-propos-de-lacpcb\/","title":{"rendered":"\u00c0 propos de l&rsquo;ACPCB"},"content":{"rendered":"\t\t<div data-elementor-type=\"wp-page\" data-elementor-id=\"3436\" class=\"elementor elementor-3436 elementor-758\" data-elementor-post-type=\"page\">\n\t\t\t\t<div class=\"elementor-element elementor-element-cb4d272 e-flex e-con-boxed e-con e-parent\" data-id=\"cb4d272\" data-element_type=\"container\" data-e-type=\"container\">\n\t\t\t\t\t<div class=\"e-con-inner\">\n\t\t\t\t<div class=\"elementor-element elementor-element-84070ff h2 elementor-widget elementor-widget-heading\" data-id=\"84070ff\" data-element_type=\"widget\" data-e-type=\"widget\" data-widget_type=\"heading.default\">\n\t\t\t\t<div class=\"elementor-widget-container\">\n\t\t\t\t\t<h1 class=\"elementor-heading-title elementor-size-default\">\u00c0 propos de l&rsquo;ACPCB<\/h1>\t\t\t\t<\/div>\n\t\t\t\t<\/div>\n\t\t\t\t<div class=\"elementor-element elementor-element-9ce0c7a elementor-widget elementor-widget-heading\" data-id=\"9ce0c7a\" data-element_type=\"widget\" data-e-type=\"widget\" data-widget_type=\"heading.default\">\n\t\t\t\t<div class=\"elementor-widget-container\">\n\t\t\t\t\t<span class=\"elementor-heading-title elementor-size-default\">Association canadienne de palettes et contenants en bois\n<\/span>\t\t\t\t<\/div>\n\t\t\t\t<\/div>\n\t\t\t\t\t<\/div>\n\t\t\t\t<\/div>\n\t\t<div class=\"elementor-element elementor-element-7832a80 e-flex e-con-boxed e-con e-parent\" data-id=\"7832a80\" data-element_type=\"container\" data-e-type=\"container\">\n\t\t\t\t\t<div class=\"e-con-inner\">\n\t\t<div class=\"elementor-element elementor-element-61d9986 e-con-full e-flex e-con e-child\" data-id=\"61d9986\" data-element_type=\"container\" data-e-type=\"container\" data-settings=\"{&quot;background_background&quot;:&quot;classic&quot;}\">\n\t\t<div class=\"elementor-element elementor-element-8331713 e-con-full e-flex e-con e-child\" data-id=\"8331713\" data-element_type=\"container\" data-e-type=\"container\" data-settings=\"{&quot;background_background&quot;:&quot;classic&quot;}\">\n\t\t\t\t<div class=\"elementor-element elementor-element-7d31f73 elementor-widget elementor-widget-heading\" data-id=\"7d31f73\" data-element_type=\"widget\" data-e-type=\"widget\" data-widget_type=\"heading.default\">\n\t\t\t\t<div class=\"elementor-widget-container\">\n\t\t\t\t\t<h3 class=\"elementor-heading-title elementor-size-default\">Qui  <strong>Sommes-Nous <\/strong><\/h3>\t\t\t\t<\/div>\n\t\t\t\t<\/div>\n\t\t\t\t<div class=\"elementor-element elementor-element-25e2177 elementor-widget elementor-widget-text-editor\" data-id=\"25e2177\" data-element_type=\"widget\" data-e-type=\"widget\" data-widget_type=\"text-editor.default\">\n\t\t\t\t<div class=\"elementor-widget-container\">\n\t\t\t\t\t\t\t\t\t<p>L\u2019Association canadienne de palettes et contenants en bois (ACPCB) est la voix de l\u2019industrie canadienne de l\u2019emballage en bois depuis 1968.<\/p><p>Nous repr\u00e9sentons fi\u00e8rement les int\u00e9r\u00eats des fabricants de palettes, caisses, contenants et autres produits d\u2019emballage en bois \u00e0 travers le pays. Fortement enracin\u00e9e dans le secteur, notre association s\u2019appuie sur des relations solides avec les entreprises priv\u00e9es de l\u2019industrie ainsi qu\u2019avec les instances gouvernementales qui en assurent la r\u00e9glementation.<\/p>\t\t\t\t\t\t\t\t<\/div>\n\t\t\t\t<\/div>\n\t\t<div class=\"elementor-element elementor-element-034a298 e-con-full e-flex elementor-invisible e-con e-child\" data-id=\"034a298\" data-element_type=\"container\" data-e-type=\"container\" data-settings=\"{&quot;animation&quot;:&quot;fadeInLeft&quot;}\">\n\t\t\t\t<div class=\"elementor-element elementor-element-1d0f707 elementor-align-center   elementor-widget elementor-widget-button\" data-id=\"1d0f707\" data-element_type=\"widget\" data-e-type=\"widget\" data-widget_type=\"button.default\">\n\t\t\t\t<div class=\"elementor-widget-container\">\n\t\t\t\t\t\t\t\t\t<div class=\"elementor-button-wrapper\">\n\t\t\t\t\t<a class=\"elementor-button elementor-button-link elementor-size-sm\" href=\"https:\/\/canadianpallets.com\/fr\/nos-membres\/\">\n\t\t\t\t\t\t<span class=\"elementor-button-content-wrapper\">\n\t\t\t\t\t\t\t\t\t<span class=\"elementor-button-text\">Rencontrez nos membres<\/span>\n\t\t\t\t\t<\/span>\n\t\t\t\t\t<\/a>\n\t\t\t\t<\/div>\n\t\t\t\t\t\t\t\t<\/div>\n\t\t\t\t<\/div>\n\t\t\t\t<div class=\"elementor-element elementor-element-7bf8eec elementor-align-center elementor-widget-mobile__width-inherit elementor-widget elementor-widget-button\" data-id=\"7bf8eec\" data-element_type=\"widget\" data-e-type=\"widget\" data-widget_type=\"button.default\">\n\t\t\t\t<div class=\"elementor-widget-container\">\n\t\t\t\t\t\t\t\t\t<div class=\"elementor-button-wrapper\">\n\t\t\t\t\t<a class=\"elementor-button elementor-button-link elementor-size-sm\" href=\"https:\/\/canadianpallets.com\/fr\/adherer-a-lacpcb\/\">\n\t\t\t\t\t\t<span class=\"elementor-button-content-wrapper\">\n\t\t\t\t\t\t\t\t\t<span class=\"elementor-button-text\">Rejoignez la CWPCA<\/span>\n\t\t\t\t\t<\/span>\n\t\t\t\t\t<\/a>\n\t\t\t\t<\/div>\n\t\t\t\t\t\t\t\t<\/div>\n\t\t\t\t<\/div>\n\t\t\t\t<\/div>\n\t\t\t\t<\/div>\n\t\t\t\t<\/div>\n\t\t\t\t\t<\/div>\n\t\t\t\t<\/div>\n\t\t<div class=\"elementor-element elementor-element-af01649 e-flex e-con-boxed e-con e-parent\" data-id=\"af01649\" data-element_type=\"container\" data-e-type=\"container\">\n\t\t\t\t\t<div class=\"e-con-inner\">\n\t\t<div class=\"elementor-element elementor-element-e303c84 e-con-full e-flex e-con e-child\" data-id=\"e303c84\" data-element_type=\"container\" data-e-type=\"container\" data-settings=\"{&quot;background_background&quot;:&quot;classic&quot;}\">\n\t\t\t\t<div class=\"elementor-element elementor-element-9a03ef1 h2 elementor-widget elementor-widget-heading\" data-id=\"9a03ef1\" data-element_type=\"widget\" data-e-type=\"widget\" data-widget_type=\"heading.default\">\n\t\t\t\t<div class=\"elementor-widget-container\">\n\t\t\t\t\t<h2 class=\"elementor-heading-title elementor-size-default\"><strong>Ce Que<\/strong> Nous Faisons <\/h2>\t\t\t\t<\/div>\n\t\t\t\t<\/div>\n\t\t\t\t<div class=\"elementor-element elementor-element-93e433d elementor-widget elementor-widget-text-editor\" data-id=\"93e433d\" data-element_type=\"widget\" data-e-type=\"widget\" data-widget_type=\"text-editor.default\">\n\t\t\t\t<div class=\"elementor-widget-container\">\n\t\t\t\t\t\t\t\t\t<p>L\u2019ACPCB est un acteur influent dans les discussions portant sur les politiques, les normes et les r\u00e9glementations touchant l\u2019emballage en bois. Nous sommes en mesure d\u2019entretenir un dialogue actif avec les d\u00e9cideurs publics et de d\u00e9fendre efficacement les int\u00e9r\u00eats de nos membres.<\/p><p>Elle offre \u00e9galement, au nom de l\u2019ACIA, le service de certification dans le cadre du Programme canadien de certification des produits du bois trait\u00e9 \u00e0 la chaleur (Programme HT), qui r\u00e9pond aux exigences phytosanitaires internationales.<\/p><p>Forte de plus de 180 membres et 425 \u00e9tablissements \u00e0 travers le pays, l\u2019ACPCB forme une communaut\u00e9 engag\u00e9e envers la qualit\u00e9, la durabilit\u00e9 et l\u2019innovation.<\/p>\t\t\t\t\t\t\t\t<\/div>\n\t\t\t\t<\/div>\n\t\t\t\t<\/div>\n\t\t<div class=\"elementor-element elementor-element-4ebf7a5 e-con-full e-flex e-con e-child\" data-id=\"4ebf7a5\" data-element_type=\"container\" data-e-type=\"container\" data-settings=\"{&quot;background_background&quot;:&quot;classic&quot;}\">\n\t\t\t\t<div class=\"elementor-element elementor-element-c0d3f5a h2 elementor-widget elementor-widget-heading\" data-id=\"c0d3f5a\" data-element_type=\"widget\" data-e-type=\"widget\" data-widget_type=\"heading.default\">\n\t\t\t\t<div class=\"elementor-widget-container\">\n\t\t\t\t\t<h2 class=\"elementor-heading-title elementor-size-default\"><strong>Notre <\/strong> Mission<\/h2>\t\t\t\t<\/div>\n\t\t\t\t<\/div>\n\t\t\t\t<div class=\"elementor-element elementor-element-a80ece4 elementor-widget elementor-widget-text-editor\" data-id=\"a80ece4\" data-element_type=\"widget\" data-e-type=\"widget\" data-widget_type=\"text-editor.default\">\n\t\t\t\t<div class=\"elementor-widget-container\">\n\t\t\t\t\t\t\t\t\t<p>La mission de l\u2019ACPCB est de jouer un r\u00f4le cl\u00e9 en fournissant \u00e0 ses membres des outils et des informations pour am\u00e9liorer leurs entreprises.<\/p><p><strong>Elle vise \u00e0 prot\u00e9ger, soutenir et promouvoir l\u2019industrie canadienne de l\u2019emballage en bois, tant au niveau national qu\u2019international. <\/strong><\/p><p>Nous nous effor\u00e7ons de r\u00e9pondre aux besoins de nos membres en leur fournissant des informations essentielles li\u00e9es \u00e0 l\u2019industrie des palettes en bois et de l\u2019emballage pour l\u2019exportation.<\/p>\t\t\t\t\t\t\t\t<\/div>\n\t\t\t\t<\/div>\n\t\t\t\t<\/div>\n\t\t\t\t\t<\/div>\n\t\t\t\t<\/div>\n\t\t<div class=\"elementor-element elementor-element-e31d34e elementor-hidden-desktop elementor-hidden-laptop elementor-hidden-tablet_extra elementor-hidden-tablet elementor-hidden-mobile e-flex e-con-boxed e-con e-parent\" data-id=\"e31d34e\" data-element_type=\"container\" data-e-type=\"container\">\n\t\t\t\t\t<div class=\"e-con-inner\">\n\t\t<div class=\"elementor-element elementor-element-7e1596c e-con-full e-flex e-con e-child\" data-id=\"7e1596c\" data-element_type=\"container\" data-e-type=\"container\" data-settings=\"{&quot;background_background&quot;:&quot;classic&quot;}\">\n\t\t\t\t<div class=\"elementor-element elementor-element-9d30d32 elementor-widget elementor-widget-image\" data-id=\"9d30d32\" data-element_type=\"widget\" data-e-type=\"widget\" data-widget_type=\"image.default\">\n\t\t\t\t<div class=\"elementor-widget-container\">\n\t\t\t\t\t\t\t\t\t\t\t\t\t\t\t<img fetchpriority=\"high\" decoding=\"async\" width=\"800\" height=\"679\" src=\"https:\/\/www.canadianpallets.com\/wp-content\/uploads\/2025\/10\/Workers-milling-wood-in-a-factory.jpg\" class=\"attachment-large size-large wp-image-3438\" alt=\"Workers milling wood in a factory\" srcset=\"https:\/\/www.canadianpallets.com\/wp-content\/uploads\/2025\/10\/Workers-milling-wood-in-a-factory.jpg 800w, https:\/\/www.canadianpallets.com\/wp-content\/uploads\/2025\/10\/Workers-milling-wood-in-a-factory-300x255.jpg 300w, https:\/\/www.canadianpallets.com\/wp-content\/uploads\/2025\/10\/Workers-milling-wood-in-a-factory-768x652.jpg 768w\" sizes=\"(max-width: 800px) 100vw, 800px\" \/>\t\t\t\t\t\t\t\t\t\t\t\t\t\t\t<\/div>\n\t\t\t\t<\/div>\n\t\t\t\t<\/div>\n\t\t<div class=\"elementor-element elementor-element-159f599 e-con-full e-flex e-con e-child\" data-id=\"159f599\" data-element_type=\"container\" data-e-type=\"container\">\n\t\t\t\t<div class=\"elementor-element elementor-element-bba9d09 h2 elementor-widget elementor-widget-heading\" data-id=\"bba9d09\" data-element_type=\"widget\" data-e-type=\"widget\" data-widget_type=\"heading.default\">\n\t\t\t\t<div class=\"elementor-widget-container\">\n\t\t\t\t\t<h2 class=\"elementor-heading-title elementor-size-default\"><strong>What<\/strong> We Do<\/h2>\t\t\t\t<\/div>\n\t\t\t\t<\/div>\n\t\t\t\t<div class=\"elementor-element elementor-element-2d88cd0 elementor-widget elementor-widget-text-editor\" data-id=\"2d88cd0\" data-element_type=\"widget\" data-e-type=\"widget\" data-widget_type=\"text-editor.default\">\n\t\t\t\t<div class=\"elementor-widget-container\">\n\t\t\t\t\t\t\t\t\t<p>The CWPCA plays a key role in discussions on policies, standards, and regulations related to wood packaging. We maintain an active dialogue with policymakers and effectively advocate for our members.<\/p><p>We also administer, on behalf of the CFIA, the certification service under the Canadian Heat Treated Wood Products Certification Program (<a href=\"https:\/\/canadianpallets.com\/get-ht-certified\/\">HT Program<\/a>), which meets international phytosanitary requirements.<\/p><p>With over <a href=\"https:\/\/canadianpallets.com\/our-members\/\">180 member companies<\/a> and <a href=\"https:\/\/canadianpallets.com\/list-of-certified-facilities\/\">425 registered facilities<\/a> across Canada, the CWPCA is a vibrant community committed to quality, sustainability, and innovation.<\/p>\t\t\t\t\t\t\t\t<\/div>\n\t\t\t\t<\/div>\n\t\t\t\t<div class=\"elementor-element elementor-element-9c154c5 elementor-widget elementor-widget-button\" data-id=\"9c154c5\" data-element_type=\"widget\" data-e-type=\"widget\" data-widget_type=\"button.default\">\n\t\t\t\t<div class=\"elementor-widget-container\">\n\t\t\t\t\t\t\t\t\t<div class=\"elementor-button-wrapper\">\n\t\t\t\t\t<a class=\"elementor-button elementor-button-link elementor-size-sm\" href=\"https:\/\/canadianpallets.com\/get-ht-certified\/\">\n\t\t\t\t\t\t<span class=\"elementor-button-content-wrapper\">\n\t\t\t\t\t\t<span class=\"elementor-button-icon\">\n\t\t\t\t<svg aria-hidden=\"true\" class=\"e-font-icon-svg e-fas-arrow-right\" viewBox=\"0 0 448 512\" xmlns=\"http:\/\/www.w3.org\/2000\/svg\"><path d=\"M190.5 66.9l22.2-22.2c9.4-9.4 24.6-9.4 33.9 0L441 239c9.4 9.4 9.4 24.6 0 33.9L246.6 467.3c-9.4 9.4-24.6 9.4-33.9 0l-22.2-22.2c-9.5-9.5-9.3-25 .4-34.3L311.4 296H24c-13.3 0-24-10.7-24-24v-32c0-13.3 10.7-24 24-24h287.4L190.9 101.2c-9.8-9.3-10-24.8-.4-34.3z\"><\/path><\/svg>\t\t\t<\/span>\n\t\t\t\t\t\t\t\t\t<span class=\"elementor-button-text\">Learn about the HT Program<\/span>\n\t\t\t\t\t<\/span>\n\t\t\t\t\t<\/a>\n\t\t\t\t<\/div>\n\t\t\t\t\t\t\t\t<\/div>\n\t\t\t\t<\/div>\n\t\t\t\t<\/div>\n\t\t\t\t\t<\/div>\n\t\t\t\t<\/div>\n\t\t\t\t<\/div>\n\t\t","protected":false},"excerpt":{"rendered":"<p>Association canadienne de palettes et contenants en bois Qui Sommes-Nous L\u2019Association canadienne de palettes et contenants en bois (ACPCB) est la voix de l\u2019industrie canadienne de l\u2019emballage en bois depuis 1968. Nous repr\u00e9sentons fi\u00e8rement les int\u00e9r\u00eats des fabricants de palettes, caisses, contenants et autres produits d\u2019emballage en bois \u00e0 travers le pays. Fortement enracin\u00e9e dans [&hellip;]<\/p>\n","protected":false},"author":1,"featured_media":0,"parent":0,"menu_order":1,"comment_status":"closed","ping_status":"closed","template":"elementor_header_footer","meta":{"_acf_changed":false,"_seopress_robots_primary_cat":"","_seopress_titles_title":"\u00c0 propos de l\u2019ACPCB - Qualit\u00e9 et durabilit\u00e9 des palettes","_seopress_titles_desc":"En savoir plus sur l\u2019ACPCB et comment elle promeut la qualit\u00e9, la s\u00e9curit\u00e9 et la durabilit\u00e9 dans la fabrication et l\u2019utilisation des palettes.","_seopress_robots_index":"","pmpro_default_level":"","footnotes":""},"class_list":["post-3436","page","type-page","status-publish","hentry","pmpro-has-access"],"acf":[],"_links":{"self":[{"href":"https:\/\/www.canadianpallets.com\/fr\/wp-json\/wp\/v2\/pages\/3436","targetHints":{"allow":["GET"]}}],"collection":[{"href":"https:\/\/www.canadianpallets.com\/fr\/wp-json\/wp\/v2\/pages"}],"about":[{"href":"https:\/\/www.canadianpallets.com\/fr\/wp-json\/wp\/v2\/types\/page"}],"author":[{"embeddable":true,"href":"https:\/\/www.canadianpallets.com\/fr\/wp-json\/wp\/v2\/users\/1"}],"replies":[{"embeddable":true,"href":"https:\/\/www.canadianpallets.com\/fr\/wp-json\/wp\/v2\/comments?post=3436"}],"version-history":[{"count":28,"href":"https:\/\/www.canadianpallets.com\/fr\/wp-json\/wp\/v2\/pages\/3436\/revisions"}],"predecessor-version":[{"id":4647,"href":"https:\/\/www.canadianpallets.com\/fr\/wp-json\/wp\/v2\/pages\/3436\/revisions\/4647"}],"wp:attachment":[{"href":"https:\/\/www.canadianpallets.com\/fr\/wp-json\/wp\/v2\/media?parent=3436"}],"curies":[{"name":"wp","href":"https:\/\/api.w.org\/{rel}","templated":true}]}}